{"id":68619,"date":"2025-03-24T11:59:31","date_gmt":"2025-03-24T09:59:31","guid":{"rendered":"https:\/\/freshgarbage.fi\/tuote\/various-kill-bill-vol-1-original-soundtrack-2\/"},"modified":"2025-03-24T11:59:31","modified_gmt":"2025-03-24T09:59:31","slug":"various-kill-bill-vol-1-original-soundtrack-2","status":"publish","type":"product","link":"https:\/\/freshgarbage.fi\/en\/product\/various-kill-bill-vol-1-original-soundtrack-2\/","title":{"rendered":"Various \u2013 Kill Bill Vol. 1 (Original Soundtrack)"},"content":{"rendered":"","protected":false},"excerpt":{"rendered":"<p>Alkuper\u00e4inen USA-painos.<\/p>\n<p>Pari v\u00e4h\u00e4n n\u00e4kyv\u00e4mp\u00e4\u00e4 pintaj\u00e4lke\u00e4, mutta soi kauttaaltaan t\u00e4ysin ongelmitta.<\/p>\n<p>A1 Nancy Sinatra \u2013 Bang Bang (My Baby Shot Me Down)<br \/>\nA2 Charlie Feathers \u2013 That Certain Female<br \/>\nA3 Luis Bacalov \u2013 The Grand Duel (Parte Prima)<br \/>\nA4 Bernard Herrmann \u2013 Twisted Nerve<br \/>\nA5 Lucy Liu and Julie Dreyfus \u2013 Queen Of The Crime Council<br \/>\nA6 RZA \u2013 Ode To Oren Ishii<br \/>\nA7 Isaac Hayes \u2013 Run Fay Run<br \/>\nA8 Al Hirt \u2013 Green Hornet<br \/>\nA9 Tomoyasu Hotei \u2013 Battle Without Honor Or Humanity<br \/>\nB1 Santa Esmeralda \u2013 Don&#8217;t Let Me Be Misunderstood \/ Esmeralda Suite<br \/>\nB2 The 5.6.7.8&#8217;s \u2013 Woo Hoo<br \/>\nB3 RZA \/ Charles Bernstein \u2013 Crane \/ White Lightning<br \/>\nB4 Meiko Kaji \u2013 The Flower Of Carnage<br \/>\nB5 Zamfir \u2013 The Lonely Shepherd<br \/>\nB6 Uma Thurman, David Carradine and Julie Dreyfus \u2013 You&#8217;re My Wicked Life<\/p>\n","protected":false},"featured_media":32275,"template":"","meta":{"_acf_changed":false},"product_brand":[],"product_cat":[133],"product_tag":[],"class_list":{"0":"post-68619","1":"product","2":"type-product","3":"status-publish","4":"has-post-thumbnail","6":"product_cat-soundtracks-en","7":"pa_formaatti-lp-en","8":"pa_kaytetty-uusi-2nd-hand","10":"first","11":"outofstock","12":"shipping-taxable","13":"purchasable","14":"product-type-simple"},"acf":[],"_links":{"self":[{"href":"https:\/\/freshgarbage.fi\/en\/wp-json\/wp\/v2\/product\/68619","targetHints":{"allow":["GET"]}}],"collection":[{"href":"https:\/\/freshgarbage.fi\/en\/wp-json\/wp\/v2\/product"}],"about":[{"href":"https:\/\/freshgarbage.fi\/en\/wp-json\/wp\/v2\/types\/product"}],"wp:featuredmedia":[{"embeddable":true,"href":"https:\/\/freshgarbage.fi\/en\/wp-json\/wp\/v2\/media\/32275"}],"wp:attachment":[{"href":"https:\/\/freshgarbage.fi\/en\/wp-json\/wp\/v2\/media?parent=68619"}],"wp:term":[{"taxonomy":"product_brand","embeddable":true,"href":"https:\/\/freshgarbage.fi\/en\/wp-json\/wp\/v2\/product_brand?post=68619"},{"taxonomy":"product_cat","embeddable":true,"href":"https:\/\/freshgarbage.fi\/en\/wp-json\/wp\/v2\/product_cat?post=68619"},{"taxonomy":"product_tag","embeddable":true,"href":"https:\/\/freshgarbage.fi\/en\/wp-json\/wp\/v2\/product_tag?post=68619"}],"curies":[{"name":"wp","href":"https:\/\/api.w.org\/{rel}","templated":true}]}}