{"id":68609,"date":"2024-08-23T11:31:57","date_gmt":"2024-08-23T08:31:57","guid":{"rendered":"https:\/\/freshgarbage.fi\/tuote\/nature-nature\/"},"modified":"2024-08-23T11:31:57","modified_gmt":"2024-08-23T08:31:57","slug":"nature-nature","status":"publish","type":"product","link":"https:\/\/freshgarbage.fi\/en\/product\/nature-nature\/","title":{"rendered":"Nature \u2013 Nature"},"content":{"rendered":"","protected":false},"excerpt":{"rendered":"<p>Alkuper\u00e4inen Ruotsi-painos. Kannen alasaumassa seam split ja muutenkin reunakulumaa. Levyss\u00e4 vain jokunen hyvin heiver\u00f6inen hiusj\u00e4lki. Silti yhdess\u00e4 hiljaisessa kappaleessa kuuluu hyvin vaimeaa taustaripsett\u00e4. Alkuper\u00e4inen sis\u00e4pussi tallessa, mutta sen saumat on revenneet.<\/p>\n","protected":false},"featured_media":21325,"template":"","meta":{"_acf_changed":false},"product_brand":[],"product_cat":[129,113],"product_tag":[],"class_list":{"0":"post-68609","1":"product","2":"type-product","3":"status-publish","4":"has-post-thumbnail","6":"product_cat-blues-blues-rock-en","7":"product_cat-progressive-rock-krautrock-en","8":"pa_formaatti-lp-en","9":"pa_kaytetty-uusi-2nd-hand","11":"first","12":"instock","13":"shipping-taxable","14":"purchasable","15":"product-type-simple"},"acf":[],"_links":{"self":[{"href":"https:\/\/freshgarbage.fi\/en\/wp-json\/wp\/v2\/product\/68609","targetHints":{"allow":["GET"]}}],"collection":[{"href":"https:\/\/freshgarbage.fi\/en\/wp-json\/wp\/v2\/product"}],"about":[{"href":"https:\/\/freshgarbage.fi\/en\/wp-json\/wp\/v2\/types\/product"}],"wp:featuredmedia":[{"embeddable":true,"href":"https:\/\/freshgarbage.fi\/en\/wp-json\/wp\/v2\/media\/21325"}],"wp:attachment":[{"href":"https:\/\/freshgarbage.fi\/en\/wp-json\/wp\/v2\/media?parent=68609"}],"wp:term":[{"taxonomy":"product_brand","embeddable":true,"href":"https:\/\/freshgarbage.fi\/en\/wp-json\/wp\/v2\/product_brand?post=68609"},{"taxonomy":"product_cat","embeddable":true,"href":"https:\/\/freshgarbage.fi\/en\/wp-json\/wp\/v2\/product_cat?post=68609"},{"taxonomy":"product_tag","embeddable":true,"href":"https:\/\/freshgarbage.fi\/en\/wp-json\/wp\/v2\/product_tag?post=68609"}],"curies":[{"name":"wp","href":"https:\/\/api.w.org\/{rel}","templated":true}]}}