{"id":68607,"date":"2025-03-27T11:40:03","date_gmt":"2025-03-27T09:40:03","guid":{"rendered":"https:\/\/freshgarbage.fi\/tuote\/various-outlaw-riders-music-from-the-original-motion-picture-soundtrack\/"},"modified":"2025-03-27T11:40:03","modified_gmt":"2025-03-27T09:40:03","slug":"various-outlaw-riders-music-from-the-original-motion-picture-soundtrack","status":"publish","type":"product","link":"https:\/\/freshgarbage.fi\/en\/product\/various-outlaw-riders-music-from-the-original-motion-picture-soundtrack\/","title":{"rendered":"Various \u2013 Outlaw Riders (Music From The Original Motion Picture Soundtrack)"},"content":{"rendered":"","protected":false},"excerpt":{"rendered":"<p>Alkuper\u00e4inen US-painos.<\/p>\n<p>Levyss\u00e4 kevytt\u00e4 pintaj\u00e4lke\u00e4, mutta soi hienosti EX-. Kannen p\u00e4\u00e4tysaumassa jenkkikansille aikakaudelle tyypillist\u00e4 halkeilua l\u00e4hinn\u00e4 p\u00e4\u00e4tysaumassa.<\/p>\n<p>A1 Lenny McDaniel \u2013 Theme From Outlaw Riders 3:06<br \/>\nA2 Simon Stokes &amp; The Nighthawks \u2013 Big City Blues 2:46<br \/>\nA3 The Horsemen \u2013 Nothin&#8217; To Talk About Anymore (Instrumental) 2:44<br \/>\nA4 Simon Stokes &amp; The Nighthawks \u2013 Where Are You Going 2:50<br \/>\nA5 Simon Stokes &amp; The Nighthawks \u2013 Ride On Angel 3:56<br \/>\nB1 Simon Stokes &amp; The Nighthawks \u2013 Which Way 5:40<br \/>\nB2 Lenny McDaniel \u2013 Nothin&#8217; To Talk About Anymore 2:50<br \/>\nB3 Simon Stokes &amp; The Nighthawks \u2013 You&#8217;ve Been In 3:50<br \/>\nB4 Bob Correll \u2013 Waco&#8217;s Blue Grass 2:20<br \/>\nB5 The Horsemen \u2013 Theme From Outlaw Riders 3:00<\/p>\n","protected":false},"featured_media":32516,"template":"","meta":{"_acf_changed":false},"product_brand":[],"product_cat":[133],"product_tag":[],"class_list":{"0":"post-68607","1":"product","2":"type-product","3":"status-publish","4":"has-post-thumbnail","6":"product_cat-soundtracks-en","7":"pa_formaatti-lp-en","8":"pa_kaytetty-uusi-2nd-hand","10":"first","11":"instock","12":"shipping-taxable","13":"purchasable","14":"product-type-simple"},"acf":[],"_links":{"self":[{"href":"https:\/\/freshgarbage.fi\/en\/wp-json\/wp\/v2\/product\/68607","targetHints":{"allow":["GET"]}}],"collection":[{"href":"https:\/\/freshgarbage.fi\/en\/wp-json\/wp\/v2\/product"}],"about":[{"href":"https:\/\/freshgarbage.fi\/en\/wp-json\/wp\/v2\/types\/product"}],"wp:featuredmedia":[{"embeddable":true,"href":"https:\/\/freshgarbage.fi\/en\/wp-json\/wp\/v2\/media\/32516"}],"wp:attachment":[{"href":"https:\/\/freshgarbage.fi\/en\/wp-json\/wp\/v2\/media?parent=68607"}],"wp:term":[{"taxonomy":"product_brand","embeddable":true,"href":"https:\/\/freshgarbage.fi\/en\/wp-json\/wp\/v2\/product_brand?post=68607"},{"taxonomy":"product_cat","embeddable":true,"href":"https:\/\/freshgarbage.fi\/en\/wp-json\/wp\/v2\/product_cat?post=68607"},{"taxonomy":"product_tag","embeddable":true,"href":"https:\/\/freshgarbage.fi\/en\/wp-json\/wp\/v2\/product_tag?post=68607"}],"curies":[{"name":"wp","href":"https:\/\/api.w.org\/{rel}","templated":true}]}}