{"id":68464,"date":"2025-11-28T11:45:29","date_gmt":"2025-11-28T09:45:29","guid":{"rendered":"https:\/\/freshgarbage.fi\/tuote\/john-fogerty-the-blue-ridge-rangers-rides-again\/"},"modified":"2025-11-28T11:45:29","modified_gmt":"2025-11-28T09:45:29","slug":"john-fogerty-the-blue-ridge-rangers-rides-again","status":"publish","type":"product","link":"https:\/\/freshgarbage.fi\/en\/product\/john-fogerty-the-blue-ridge-rangers-rides-again\/","title":{"rendered":"John Fogerty \u2013 The Blue Ridge Rangers Rides Again"},"content":{"rendered":"","protected":false},"excerpt":{"rendered":"<p>Alkuper\u00e4inen Eurooppa-painos. Kevytt\u00e4 sis\u00e4pussihankaumaa\/-j\u00e4lke\u00e4, soi EX.<\/p>\n","protected":false},"featured_media":60493,"template":"","meta":{"_acf_changed":false},"product_brand":[],"product_cat":[116],"product_tag":[],"class_list":{"0":"post-68464","1":"product","2":"type-product","3":"status-publish","4":"has-post-thumbnail","6":"product_cat-rock-pop-en","7":"pa_formaatti-lp-en","8":"pa_kaytetty-uusi-2nd-hand","10":"first","11":"instock","12":"shipping-taxable","13":"purchasable","14":"product-type-simple"},"acf":[],"_links":{"self":[{"href":"https:\/\/freshgarbage.fi\/en\/wp-json\/wp\/v2\/product\/68464","targetHints":{"allow":["GET"]}}],"collection":[{"href":"https:\/\/freshgarbage.fi\/en\/wp-json\/wp\/v2\/product"}],"about":[{"href":"https:\/\/freshgarbage.fi\/en\/wp-json\/wp\/v2\/types\/product"}],"wp:featuredmedia":[{"embeddable":true,"href":"https:\/\/freshgarbage.fi\/en\/wp-json\/wp\/v2\/media\/60493"}],"wp:attachment":[{"href":"https:\/\/freshgarbage.fi\/en\/wp-json\/wp\/v2\/media?parent=68464"}],"wp:term":[{"taxonomy":"product_brand","embeddable":true,"href":"https:\/\/freshgarbage.fi\/en\/wp-json\/wp\/v2\/product_brand?post=68464"},{"taxonomy":"product_cat","embeddable":true,"href":"https:\/\/freshgarbage.fi\/en\/wp-json\/wp\/v2\/product_cat?post=68464"},{"taxonomy":"product_tag","embeddable":true,"href":"https:\/\/freshgarbage.fi\/en\/wp-json\/wp\/v2\/product_tag?post=68464"}],"curies":[{"name":"wp","href":"https:\/\/api.w.org\/{rel}","templated":true}]}}