{"id":68441,"date":"2025-11-28T11:45:50","date_gmt":"2025-11-28T09:45:50","guid":{"rendered":"https:\/\/freshgarbage.fi\/tuote\/bill-haley-and-his-comets-rockin-around-the-world\/"},"modified":"2025-11-28T11:45:50","modified_gmt":"2025-11-28T09:45:50","slug":"bill-haley-and-his-comets-rockin-around-the-world","status":"publish","type":"product","link":"https:\/\/freshgarbage.fi\/en\/product\/bill-haley-and-his-comets-rockin-around-the-world\/","title":{"rendered":"Bill Haley And His Comets \u2013 Rockin&#8217; Around The World"},"content":{"rendered":"","protected":false},"excerpt":{"rendered":"<p>Alkuper\u00e4inen US-painos.<\/p>\n<p>Levyss\u00e4 hieman j\u00e4lki\u00e4, mutta ei erityisen pahoja. Joitakin kevyit\u00e4 rapsuja\/napsuja havaittavissa, mutta p\u00e4\u00e4osin soi hienosti. Kannen yl\u00e4saumassa melko huomaamaton noin viiden sentin teippikorjaus. Takakannen reunassa hieman kirjoitusta. Muuten kannet h\u00e4mment\u00e4v\u00e4n siistit ja j\u00e4m\u00e4k\u00e4t ik\u00e4isekseen.<\/p>\n","protected":false},"featured_media":60525,"template":"","meta":{"_acf_changed":false},"product_brand":[],"product_cat":[116],"product_tag":[],"class_list":{"0":"post-68441","1":"product","2":"type-product","3":"status-publish","4":"has-post-thumbnail","6":"product_cat-rock-pop-en","7":"pa_formaatti-lp-en","8":"pa_kaytetty-uusi-2nd-hand","10":"first","11":"instock","12":"shipping-taxable","13":"purchasable","14":"product-type-simple"},"acf":[],"_links":{"self":[{"href":"https:\/\/freshgarbage.fi\/en\/wp-json\/wp\/v2\/product\/68441","targetHints":{"allow":["GET"]}}],"collection":[{"href":"https:\/\/freshgarbage.fi\/en\/wp-json\/wp\/v2\/product"}],"about":[{"href":"https:\/\/freshgarbage.fi\/en\/wp-json\/wp\/v2\/types\/product"}],"wp:featuredmedia":[{"embeddable":true,"href":"https:\/\/freshgarbage.fi\/en\/wp-json\/wp\/v2\/media\/60525"}],"wp:attachment":[{"href":"https:\/\/freshgarbage.fi\/en\/wp-json\/wp\/v2\/media?parent=68441"}],"wp:term":[{"taxonomy":"product_brand","embeddable":true,"href":"https:\/\/freshgarbage.fi\/en\/wp-json\/wp\/v2\/product_brand?post=68441"},{"taxonomy":"product_cat","embeddable":true,"href":"https:\/\/freshgarbage.fi\/en\/wp-json\/wp\/v2\/product_cat?post=68441"},{"taxonomy":"product_tag","embeddable":true,"href":"https:\/\/freshgarbage.fi\/en\/wp-json\/wp\/v2\/product_tag?post=68441"}],"curies":[{"name":"wp","href":"https:\/\/api.w.org\/{rel}","templated":true}]}}