{"id":68389,"date":"2025-06-25T18:00:48","date_gmt":"2025-06-25T15:00:48","guid":{"rendered":"https:\/\/freshgarbage.fi\/tuote\/the-foundations-digging-the-foundations\/"},"modified":"2025-06-25T18:00:48","modified_gmt":"2025-06-25T15:00:48","slug":"the-foundations-digging-the-foundations","status":"publish","type":"product","link":"https:\/\/freshgarbage.fi\/en\/product\/the-foundations-digging-the-foundations\/","title":{"rendered":"The Foundations \u2013 Digging The Foundations"},"content":{"rendered":"","protected":false},"excerpt":{"rendered":"<p>Alkuper\u00e4inen US-painos.<\/p>\n<p>Kannen p\u00e4\u00e4tysaumassa kulumaa, hintalapun j\u00e4tt\u00e4m\u00e4 j\u00e4lki, hieman taitosta sek\u00e4 pieni cut-out-reik\u00e4.<\/p>\n","protected":false},"featured_media":36225,"template":"","meta":{"_acf_changed":false},"product_brand":[],"product_cat":[132],"product_tag":[],"class_list":{"0":"post-68389","1":"product","2":"type-product","3":"status-publish","4":"has-post-thumbnail","6":"product_cat-soul-funk-disco-rnb-en","7":"pa_formaatti-lp-en","8":"pa_kaytetty-uusi-2nd-hand","10":"first","11":"instock","12":"shipping-taxable","13":"purchasable","14":"product-type-simple"},"acf":[],"_links":{"self":[{"href":"https:\/\/freshgarbage.fi\/en\/wp-json\/wp\/v2\/product\/68389","targetHints":{"allow":["GET"]}}],"collection":[{"href":"https:\/\/freshgarbage.fi\/en\/wp-json\/wp\/v2\/product"}],"about":[{"href":"https:\/\/freshgarbage.fi\/en\/wp-json\/wp\/v2\/types\/product"}],"wp:featuredmedia":[{"embeddable":true,"href":"https:\/\/freshgarbage.fi\/en\/wp-json\/wp\/v2\/media\/36225"}],"wp:attachment":[{"href":"https:\/\/freshgarbage.fi\/en\/wp-json\/wp\/v2\/media?parent=68389"}],"wp:term":[{"taxonomy":"product_brand","embeddable":true,"href":"https:\/\/freshgarbage.fi\/en\/wp-json\/wp\/v2\/product_brand?post=68389"},{"taxonomy":"product_cat","embeddable":true,"href":"https:\/\/freshgarbage.fi\/en\/wp-json\/wp\/v2\/product_cat?post=68389"},{"taxonomy":"product_tag","embeddable":true,"href":"https:\/\/freshgarbage.fi\/en\/wp-json\/wp\/v2\/product_tag?post=68389"}],"curies":[{"name":"wp","href":"https:\/\/api.w.org\/{rel}","templated":true}]}}