{"id":68378,"date":"2025-09-30T11:40:32","date_gmt":"2025-09-30T08:40:32","guid":{"rendered":"https:\/\/freshgarbage.fi\/tuote\/trinity-meet-the-mighty-diamonds-trinity-meet-the-mighty-diamonds\/"},"modified":"2025-09-30T11:40:32","modified_gmt":"2025-09-30T08:40:32","slug":"trinity-meet-the-mighty-diamonds-trinity-meet-the-mighty-diamonds","status":"publish","type":"product","link":"https:\/\/freshgarbage.fi\/en\/product\/trinity-meet-the-mighty-diamonds-trinity-meet-the-mighty-diamonds\/","title":{"rendered":"Trinity Meet The Mighty Diamonds \u2013 Trinity Meet The Mighty Diamonds"},"content":{"rendered":"","protected":false},"excerpt":{"rendered":"<p>Alkuper\u00e4inen Jamaika-painos. Puolten lopussa aika reippaasti pr\u00e4ssin kuoppaisuutta yms. A-puolen viimeisess\u00e4 kappaleessa aika paljon h\u00e4iri\u00f6t\u00e4 johtuen huonosta pr\u00e4ssist\u00e4, p\u00e4\u00e4sosin levy soi hyvin. Takakannessa legendaarisen Black Star -kaupan tarra.<\/p>\n","protected":false},"featured_media":55860,"template":"","meta":{"_acf_changed":false},"product_brand":[],"product_cat":[115],"product_tag":[],"class_list":{"0":"post-68378","1":"product","2":"type-product","3":"status-publish","4":"has-post-thumbnail","6":"product_cat-reggae-dub-dancehall-ska-en","7":"pa_formaatti-lp-en","8":"pa_kaytetty-uusi-2nd-hand","10":"first","11":"instock","12":"shipping-taxable","13":"purchasable","14":"product-type-simple"},"acf":[],"_links":{"self":[{"href":"https:\/\/freshgarbage.fi\/en\/wp-json\/wp\/v2\/product\/68378","targetHints":{"allow":["GET"]}}],"collection":[{"href":"https:\/\/freshgarbage.fi\/en\/wp-json\/wp\/v2\/product"}],"about":[{"href":"https:\/\/freshgarbage.fi\/en\/wp-json\/wp\/v2\/types\/product"}],"wp:featuredmedia":[{"embeddable":true,"href":"https:\/\/freshgarbage.fi\/en\/wp-json\/wp\/v2\/media\/55860"}],"wp:attachment":[{"href":"https:\/\/freshgarbage.fi\/en\/wp-json\/wp\/v2\/media?parent=68378"}],"wp:term":[{"taxonomy":"product_brand","embeddable":true,"href":"https:\/\/freshgarbage.fi\/en\/wp-json\/wp\/v2\/product_brand?post=68378"},{"taxonomy":"product_cat","embeddable":true,"href":"https:\/\/freshgarbage.fi\/en\/wp-json\/wp\/v2\/product_cat?post=68378"},{"taxonomy":"product_tag","embeddable":true,"href":"https:\/\/freshgarbage.fi\/en\/wp-json\/wp\/v2\/product_tag?post=68378"}],"curies":[{"name":"wp","href":"https:\/\/api.w.org\/{rel}","templated":true}]}}