{"id":68373,"date":"2025-12-04T11:45:23","date_gmt":"2025-12-04T09:45:23","guid":{"rendered":"https:\/\/freshgarbage.fi\/tuote\/elvis-presley-live-in-las-vegas\/"},"modified":"2025-12-04T11:45:23","modified_gmt":"2025-12-04T09:45:23","slug":"elvis-presley-live-in-las-vegas","status":"publish","type":"product","link":"https:\/\/freshgarbage.fi\/en\/product\/elvis-presley-live-in-las-vegas\/","title":{"rendered":"Elvis Presley \u2013 Live In Las Vegas"},"content":{"rendered":"","protected":false},"excerpt":{"rendered":"<p>5LP boksi. Remasteroitu, 180g. Alkuper\u00e4inen ja ainoa vinyylipainos t\u00e4ss\u00e4 laajuudessa.<\/p>\n<p>A1 Blue Suede Shoes<br \/>\nA2 I Got A Woman<br \/>\nA3 All Shook Up<br \/>\nA4 Elvis Welcomes The Audience<br \/>\nA5 Love Me Tender<br \/>\nA6 Jailhouse Rock\/Don&#8217;t Be Cruel<br \/>\nA7 Heartbreak Hotel<br \/>\nA8 Hound Dog<br \/>\nA9 I Can&#8217;t Stop Loving You<br \/>\nA10 Johnny B. Goode<br \/>\nA11 Baby What You Want Me To Do<br \/>\nB1 Runaway<br \/>\nB2 Are You Lonesome Tonight?<br \/>\nB3 Yesterday\/Hey Jude<br \/>\nB4 Introductions<br \/>\nB5 In The Ghetto<br \/>\nB6 Suspicious Minds<br \/>\nB7 What&#8217;d I Say<br \/>\nB8 Can&#8217;t Help Falling In Love<\/p>\n<p>C1 Elvis Talks About His Career<br \/>\nC2 Heartbreak Hotel<br \/>\nC3 Long Tall Sally<br \/>\nC4 Blue Suede Shoes<br \/>\nC5 Money Honey<br \/>\nD1 That&#8217;s All Right<br \/>\nD2 I Got A Woman<br \/>\nD3 Hound Dog<br \/>\nD4 Love Me Tender<br \/>\nD5 There Goes My Everything<br \/>\nD6 Just Pretend<br \/>\nD7 I Just Can&#8217;t Help Believin&#8217;<\/p>\n<p>E1 Something<br \/>\nE2 Men With Broken Hearts<br \/>\nE3 Walk A Mile In My Shoes<br \/>\nE4 You&#8217;ve Lost That Loving Feeling<br \/>\nE5 Polk Salad Annie<br \/>\nE6 One Night<br \/>\nE7 Don&#8217;t Be Cruel<br \/>\nE8 Love Me<br \/>\nE9 Instrumental Vamp<br \/>\nE10 Heartbreak Hotel<br \/>\nF1 Introductions<br \/>\nF2 Bridge Over Troubled Water<br \/>\nF3 Suspicious Minds<br \/>\nF4 Can&#8217;t Help Falling In Love<br \/>\nF5 When The Snow Is On The Roses<br \/>\nF6 See See Rider<br \/>\nF7 Release Me<br \/>\nF8 Sweet Caroline<\/p>\n<p>G1 The Wonder Of You<br \/>\nG2 Polk Salad Annie<br \/>\nG3 Proud Mary<br \/>\nG4 Walk A Mile In My Shoes<br \/>\nG5 In The Ghetto<br \/>\nG6 Let It Be Me<br \/>\nG7 Don&#8217;t Cry Daddy<br \/>\nG8 Kentucky Rain<br \/>\nG9 Long Tall Sally<br \/>\nG10 I Can&#8217;t Stop Loving You<br \/>\nH1 Suspicious Minds<br \/>\nH2 Never Been To Spain<br \/>\nH3 You Gave Me A Mountain<br \/>\nH4 It&#8217;s Impossible<br \/>\nH5 It&#8217;s Over<br \/>\nH6 Hound Dog<br \/>\nH7 Little Sister\/Get Back<br \/>\nH8 A Big Hunk O&#8217; Love<br \/>\nH9 The Impossible Dream<br \/>\nH10 An American Trilogy<\/p>\n<p>I1 Promised Land<br \/>\nI2 It&#8217;s Midnight<br \/>\nI3 If You Talk In Your Sleep<br \/>\nI4 I&#8217;m Leavin&#8217;<br \/>\nI5 Why Me Lord<br \/>\nI6 Help Me<br \/>\nI7 Softly As I Leave You<br \/>\nI8 My Baby Left Me<br \/>\nI9 It&#8217;s Now Or Never<br \/>\nI10 Hawaiian Wedding Song<br \/>\nI11 Trying To Get To You<br \/>\nI12 Green, Green Grass Of Home<br \/>\nJ1 You&#8217;re The Reason I&#8217;m Living<br \/>\nJ2 Big Boss Man<br \/>\nJ3 Burning Love<br \/>\nJ4 My Boy<br \/>\nJ5 And I Love You So<br \/>\nJ6 Just Pretend<br \/>\nJ7 How Great Thou Art<br \/>\nJ8 America The Beautiful<\/p>\n","protected":false},"featured_media":60849,"template":"","meta":{"_acf_changed":false},"product_brand":[],"product_cat":[116],"product_tag":[],"class_list":{"0":"post-68373","1":"product","2":"type-product","3":"status-publish","4":"has-post-thumbnail","6":"product_cat-rock-pop-en","7":"pa_formaatti-box-set","8":"pa_formaatti-lp-en","9":"pa_kaytetty-uusi-2nd-hand","11":"first","12":"instock","13":"shipping-taxable","14":"purchasable","15":"product-type-simple"},"acf":[],"_links":{"self":[{"href":"https:\/\/freshgarbage.fi\/en\/wp-json\/wp\/v2\/product\/68373","targetHints":{"allow":["GET"]}}],"collection":[{"href":"https:\/\/freshgarbage.fi\/en\/wp-json\/wp\/v2\/product"}],"about":[{"href":"https:\/\/freshgarbage.fi\/en\/wp-json\/wp\/v2\/types\/product"}],"wp:featuredmedia":[{"embeddable":true,"href":"https:\/\/freshgarbage.fi\/en\/wp-json\/wp\/v2\/media\/60849"}],"wp:attachment":[{"href":"https:\/\/freshgarbage.fi\/en\/wp-json\/wp\/v2\/media?parent=68373"}],"wp:term":[{"taxonomy":"product_brand","embeddable":true,"href":"https:\/\/freshgarbage.fi\/en\/wp-json\/wp\/v2\/product_brand?post=68373"},{"taxonomy":"product_cat","embeddable":true,"href":"https:\/\/freshgarbage.fi\/en\/wp-json\/wp\/v2\/product_cat?post=68373"},{"taxonomy":"product_tag","embeddable":true,"href":"https:\/\/freshgarbage.fi\/en\/wp-json\/wp\/v2\/product_tag?post=68373"}],"curies":[{"name":"wp","href":"https:\/\/api.w.org\/{rel}","templated":true}]}}