{"id":68354,"date":"2025-06-26T18:00:36","date_gmt":"2025-06-26T15:00:36","guid":{"rendered":"https:\/\/freshgarbage.fi\/tuote\/geno-washington-the-ram-jam-band-hand-clappin-foot-stompin-funky-butt-live\/"},"modified":"2025-06-26T18:00:36","modified_gmt":"2025-06-26T15:00:36","slug":"geno-washington-the-ram-jam-band-hand-clappin-foot-stompin-funky-butt-live","status":"publish","type":"product","link":"https:\/\/freshgarbage.fi\/en\/product\/geno-washington-the-ram-jam-band-hand-clappin-foot-stompin-funky-butt-live\/","title":{"rendered":"Geno Washington &#038; The Ram Jam Band \u2013 Hand Clappin&#8217; Foot Stompin&#8217; Funky-Butt&#8230; Live!"},"content":{"rendered":"","protected":false},"excerpt":{"rendered":"<p>Alkuper\u00e4inen UK-painos (stereo).<\/p>\n<p>Kevytt\u00e4 j\u00e4lke\u00e4, mutta soi EX-.<\/p>\n","protected":false},"featured_media":36320,"template":"","meta":{"_acf_changed":false},"product_brand":[],"product_cat":[132],"product_tag":[],"class_list":{"0":"post-68354","1":"product","2":"type-product","3":"status-publish","4":"has-post-thumbnail","6":"product_cat-soul-funk-disco-rnb-en","7":"pa_formaatti-lp-en","8":"pa_kaytetty-uusi-2nd-hand","10":"first","11":"instock","12":"shipping-taxable","13":"purchasable","14":"product-type-simple"},"acf":[],"_links":{"self":[{"href":"https:\/\/freshgarbage.fi\/en\/wp-json\/wp\/v2\/product\/68354","targetHints":{"allow":["GET"]}}],"collection":[{"href":"https:\/\/freshgarbage.fi\/en\/wp-json\/wp\/v2\/product"}],"about":[{"href":"https:\/\/freshgarbage.fi\/en\/wp-json\/wp\/v2\/types\/product"}],"wp:featuredmedia":[{"embeddable":true,"href":"https:\/\/freshgarbage.fi\/en\/wp-json\/wp\/v2\/media\/36320"}],"wp:attachment":[{"href":"https:\/\/freshgarbage.fi\/en\/wp-json\/wp\/v2\/media?parent=68354"}],"wp:term":[{"taxonomy":"product_brand","embeddable":true,"href":"https:\/\/freshgarbage.fi\/en\/wp-json\/wp\/v2\/product_brand?post=68354"},{"taxonomy":"product_cat","embeddable":true,"href":"https:\/\/freshgarbage.fi\/en\/wp-json\/wp\/v2\/product_cat?post=68354"},{"taxonomy":"product_tag","embeddable":true,"href":"https:\/\/freshgarbage.fi\/en\/wp-json\/wp\/v2\/product_tag?post=68354"}],"curies":[{"name":"wp","href":"https:\/\/api.w.org\/{rel}","templated":true}]}}