{"id":68293,"date":"2025-07-15T11:39:39","date_gmt":"2025-07-15T08:39:39","guid":{"rendered":"https:\/\/freshgarbage.fi\/tuote\/jill-scott-who-is-jill-scott-words-and-sounds-vol-1\/"},"modified":"2025-07-15T11:39:39","modified_gmt":"2025-07-15T08:39:39","slug":"jill-scott-who-is-jill-scott-words-and-sounds-vol-1","status":"publish","type":"product","link":"https:\/\/freshgarbage.fi\/en\/product\/jill-scott-who-is-jill-scott-words-and-sounds-vol-1\/","title":{"rendered":"Jill Scott \u2013 Who Is Jill Scott? &#8211; Words And Sounds Vol. 1"},"content":{"rendered":"","protected":false},"excerpt":{"rendered":"<p>2LP. Alkuper\u00e4inen Eurooppa-painos.<\/p>\n<p>Kevytt\u00e4 j\u00e4lke\u00e4, mutta soi upeasti.<\/p>\n","protected":false},"featured_media":1151,"template":"","meta":{"_acf_changed":false},"product_brand":[],"product_cat":[132],"product_tag":[],"class_list":{"0":"post-68293","1":"product","2":"type-product","3":"status-publish","4":"has-post-thumbnail","6":"product_cat-soul-funk-disco-rnb-en","7":"pa_formaatti-lp-en","8":"pa_kaytetty-uusi-2nd-hand","10":"first","11":"instock","12":"shipping-taxable","13":"purchasable","14":"product-type-simple"},"acf":[],"_links":{"self":[{"href":"https:\/\/freshgarbage.fi\/en\/wp-json\/wp\/v2\/product\/68293","targetHints":{"allow":["GET"]}}],"collection":[{"href":"https:\/\/freshgarbage.fi\/en\/wp-json\/wp\/v2\/product"}],"about":[{"href":"https:\/\/freshgarbage.fi\/en\/wp-json\/wp\/v2\/types\/product"}],"wp:featuredmedia":[{"embeddable":true,"href":"https:\/\/freshgarbage.fi\/en\/wp-json\/wp\/v2\/media\/1151"}],"wp:attachment":[{"href":"https:\/\/freshgarbage.fi\/en\/wp-json\/wp\/v2\/media?parent=68293"}],"wp:term":[{"taxonomy":"product_brand","embeddable":true,"href":"https:\/\/freshgarbage.fi\/en\/wp-json\/wp\/v2\/product_brand?post=68293"},{"taxonomy":"product_cat","embeddable":true,"href":"https:\/\/freshgarbage.fi\/en\/wp-json\/wp\/v2\/product_cat?post=68293"},{"taxonomy":"product_tag","embeddable":true,"href":"https:\/\/freshgarbage.fi\/en\/wp-json\/wp\/v2\/product_tag?post=68293"}],"curies":[{"name":"wp","href":"https:\/\/api.w.org\/{rel}","templated":true}]}}