{"id":68284,"date":"2025-04-23T11:55:21","date_gmt":"2025-04-23T08:55:21","guid":{"rendered":"https:\/\/freshgarbage.fi\/tuote\/franco-tamponi-orchestra-chorus-jack-london-la-mia-grande-avventura\/"},"modified":"2025-04-23T11:55:21","modified_gmt":"2025-04-23T08:55:21","slug":"franco-tamponi-orchestra-chorus-jack-london-la-mia-grande-avventura","status":"publish","type":"product","link":"https:\/\/freshgarbage.fi\/en\/product\/franco-tamponi-orchestra-chorus-jack-london-la-mia-grande-avventura\/","title":{"rendered":"Franco Tamponi Orchestra &#038; Chorus \u2013 Jack London: La Mia Grande Avventura"},"content":{"rendered":"","protected":false},"excerpt":{"rendered":"<p>&#8220;Lumikenttien kutsu&#8221;.<\/p>\n<p>Etukannessa hintalapun j\u00e4tt\u00e4m\u00e4 pintarepe\u00e4m\u00e4, mutta muuten siisti.<\/p>\n","protected":false},"featured_media":33604,"template":"","meta":{"_acf_changed":false},"product_brand":[],"product_cat":[133],"product_tag":[],"class_list":{"0":"post-68284","1":"product","2":"type-product","3":"status-publish","4":"has-post-thumbnail","6":"product_cat-soundtracks-en","7":"pa_formaatti-lp-en","8":"pa_kaytetty-uusi-2nd-hand","10":"first","11":"instock","12":"shipping-taxable","13":"purchasable","14":"product-type-simple"},"acf":[],"_links":{"self":[{"href":"https:\/\/freshgarbage.fi\/en\/wp-json\/wp\/v2\/product\/68284","targetHints":{"allow":["GET"]}}],"collection":[{"href":"https:\/\/freshgarbage.fi\/en\/wp-json\/wp\/v2\/product"}],"about":[{"href":"https:\/\/freshgarbage.fi\/en\/wp-json\/wp\/v2\/types\/product"}],"wp:featuredmedia":[{"embeddable":true,"href":"https:\/\/freshgarbage.fi\/en\/wp-json\/wp\/v2\/media\/33604"}],"wp:attachment":[{"href":"https:\/\/freshgarbage.fi\/en\/wp-json\/wp\/v2\/media?parent=68284"}],"wp:term":[{"taxonomy":"product_brand","embeddable":true,"href":"https:\/\/freshgarbage.fi\/en\/wp-json\/wp\/v2\/product_brand?post=68284"},{"taxonomy":"product_cat","embeddable":true,"href":"https:\/\/freshgarbage.fi\/en\/wp-json\/wp\/v2\/product_cat?post=68284"},{"taxonomy":"product_tag","embeddable":true,"href":"https:\/\/freshgarbage.fi\/en\/wp-json\/wp\/v2\/product_tag?post=68284"}],"curies":[{"name":"wp","href":"https:\/\/api.w.org\/{rel}","templated":true}]}}