{"id":68255,"date":"2025-08-22T15:20:15","date_gmt":"2025-08-22T12:20:15","guid":{"rendered":"https:\/\/freshgarbage.fi\/tuote\/brad-mehldau-largo\/"},"modified":"2025-08-22T15:20:15","modified_gmt":"2025-08-22T12:20:15","slug":"brad-mehldau-largo","status":"publish","type":"product","link":"https:\/\/freshgarbage.fi\/en\/product\/brad-mehldau-largo\/","title":{"rendered":"Brad Mehldau \u2013 Largo"},"content":{"rendered":"","protected":false},"excerpt":{"rendered":"<p>2LP, remasteroitu. Ensimm\u00e4ist\u00e4 kertaa vinyylin\u00e4.<\/p>\n<p>A1 When It Rains 6:37<br \/>\nA2 You&#8217;re Vibing Me 3:28<br \/>\nA3 Dusty McNugget 5:43<br \/>\nB4 Dropjes 3:58<br \/>\nB5 Paranoid Android 9:05<br \/>\nB6 Franklin Avenue 3:42<\/p>\n<p>C7 Sabbath 4:42<br \/>\nC8 Dear Prudence 5:22<br \/>\nC9 Free Willy 5:06<br \/>\nD10 Alvarado 4:00<br \/>\nD11 Wave \/ Mother Nature&#8217;s Son 6:29<br \/>\nD12 I Do 7:18<\/p>\n","protected":false},"featured_media":53165,"template":"","meta":{"_acf_changed":false},"product_brand":[],"product_cat":[122,107],"product_tag":[],"class_list":{"0":"post-68255","1":"product","2":"type-product","3":"status-publish","4":"has-post-thumbnail","6":"product_cat-jazz-fusion-en","7":"product_cat-new","8":"pa_formaatti-lp-en","9":"pa_kaytetty-uusi-new","11":"first","12":"instock","13":"taxable","14":"shipping-taxable","15":"purchasable","16":"product-type-simple"},"acf":[],"_links":{"self":[{"href":"https:\/\/freshgarbage.fi\/en\/wp-json\/wp\/v2\/product\/68255","targetHints":{"allow":["GET"]}}],"collection":[{"href":"https:\/\/freshgarbage.fi\/en\/wp-json\/wp\/v2\/product"}],"about":[{"href":"https:\/\/freshgarbage.fi\/en\/wp-json\/wp\/v2\/types\/product"}],"wp:featuredmedia":[{"embeddable":true,"href":"https:\/\/freshgarbage.fi\/en\/wp-json\/wp\/v2\/media\/53165"}],"wp:attachment":[{"href":"https:\/\/freshgarbage.fi\/en\/wp-json\/wp\/v2\/media?parent=68255"}],"wp:term":[{"taxonomy":"product_brand","embeddable":true,"href":"https:\/\/freshgarbage.fi\/en\/wp-json\/wp\/v2\/product_brand?post=68255"},{"taxonomy":"product_cat","embeddable":true,"href":"https:\/\/freshgarbage.fi\/en\/wp-json\/wp\/v2\/product_cat?post=68255"},{"taxonomy":"product_tag","embeddable":true,"href":"https:\/\/freshgarbage.fi\/en\/wp-json\/wp\/v2\/product_tag?post=68255"}],"curies":[{"name":"wp","href":"https:\/\/api.w.org\/{rel}","templated":true}]}}