{"id":68238,"date":"2025-07-23T13:00:38","date_gmt":"2025-07-23T10:00:38","guid":{"rendered":"https:\/\/freshgarbage.fi\/tuote\/blackstreet-another-level\/"},"modified":"2025-07-23T13:00:38","modified_gmt":"2025-07-23T10:00:38","slug":"blackstreet-another-level","status":"publish","type":"product","link":"https:\/\/freshgarbage.fi\/en\/product\/blackstreet-another-level\/","title":{"rendered":"Blackstreet \u2013 Another Level"},"content":{"rendered":"","protected":false},"excerpt":{"rendered":"<p>2LP. Numeroitu 1000 kpl painos hopeanv\u00e4risill\u00e4 levyill\u00e4.<\/p>\n","protected":false},"featured_media":37621,"template":"","meta":{"_acf_changed":false},"product_brand":[],"product_cat":[132],"product_tag":[],"class_list":{"0":"post-68238","1":"product","2":"type-product","3":"status-publish","4":"has-post-thumbnail","6":"product_cat-soul-funk-disco-rnb-en","7":"pa_formaatti-lp-en","8":"pa_kaytetty-uusi-2nd-hand","10":"first","11":"instock","12":"shipping-taxable","13":"purchasable","14":"product-type-simple"},"acf":[],"_links":{"self":[{"href":"https:\/\/freshgarbage.fi\/en\/wp-json\/wp\/v2\/product\/68238","targetHints":{"allow":["GET"]}}],"collection":[{"href":"https:\/\/freshgarbage.fi\/en\/wp-json\/wp\/v2\/product"}],"about":[{"href":"https:\/\/freshgarbage.fi\/en\/wp-json\/wp\/v2\/types\/product"}],"wp:featuredmedia":[{"embeddable":true,"href":"https:\/\/freshgarbage.fi\/en\/wp-json\/wp\/v2\/media\/37621"}],"wp:attachment":[{"href":"https:\/\/freshgarbage.fi\/en\/wp-json\/wp\/v2\/media?parent=68238"}],"wp:term":[{"taxonomy":"product_brand","embeddable":true,"href":"https:\/\/freshgarbage.fi\/en\/wp-json\/wp\/v2\/product_brand?post=68238"},{"taxonomy":"product_cat","embeddable":true,"href":"https:\/\/freshgarbage.fi\/en\/wp-json\/wp\/v2\/product_cat?post=68238"},{"taxonomy":"product_tag","embeddable":true,"href":"https:\/\/freshgarbage.fi\/en\/wp-json\/wp\/v2\/product_tag?post=68238"}],"curies":[{"name":"wp","href":"https:\/\/api.w.org\/{rel}","templated":true}]}}