{"id":68236,"date":"2025-08-22T15:20:21","date_gmt":"2025-08-22T12:20:21","guid":{"rendered":"https:\/\/freshgarbage.fi\/tuote\/madonna-like-a-prayer\/"},"modified":"2025-08-22T15:20:21","modified_gmt":"2025-08-22T12:20:21","slug":"madonna-like-a-prayer","status":"publish","type":"product","link":"https:\/\/freshgarbage.fi\/en\/product\/madonna-like-a-prayer\/","title":{"rendered":"Madonna \u2013 Like A Prayer"},"content":{"rendered":"","protected":false},"excerpt":{"rendered":"<p>Rajoitettu painos hopeanv\u00e4risell\u00e4 levyll\u00e4.<\/p>\n<p>A1 Like A Prayer 5:39<br \/>\nA2 Express Yourself 4:37<br \/>\nA3 Love Song 4:52<br \/>\nA4 Till Death Do Us Part 5:16<br \/>\nA5 Promise To Try 3:36<br \/>\nB1 Cherish 5:03<br \/>\nB2 Dear Jessie 4:20<br \/>\nB3 Oh Father 4:57<br \/>\nB4 Keep It Together 5:03<br \/>\nB5 Spanish Eyes 5:15<br \/>\nB6 Act Of Contrition 2:19<\/p>\n","protected":false},"featured_media":53177,"template":"","meta":{"_acf_changed":false},"product_brand":[],"product_cat":[107,116],"product_tag":[],"class_list":{"0":"post-68236","1":"product","2":"type-product","3":"status-publish","4":"has-post-thumbnail","6":"product_cat-new","7":"product_cat-rock-pop-en","8":"pa_formaatti-lp-en","9":"pa_kaytetty-uusi-new","11":"first","12":"instock","13":"taxable","14":"shipping-taxable","15":"purchasable","16":"product-type-simple"},"acf":[],"_links":{"self":[{"href":"https:\/\/freshgarbage.fi\/en\/wp-json\/wp\/v2\/product\/68236","targetHints":{"allow":["GET"]}}],"collection":[{"href":"https:\/\/freshgarbage.fi\/en\/wp-json\/wp\/v2\/product"}],"about":[{"href":"https:\/\/freshgarbage.fi\/en\/wp-json\/wp\/v2\/types\/product"}],"wp:featuredmedia":[{"embeddable":true,"href":"https:\/\/freshgarbage.fi\/en\/wp-json\/wp\/v2\/media\/53177"}],"wp:attachment":[{"href":"https:\/\/freshgarbage.fi\/en\/wp-json\/wp\/v2\/media?parent=68236"}],"wp:term":[{"taxonomy":"product_brand","embeddable":true,"href":"https:\/\/freshgarbage.fi\/en\/wp-json\/wp\/v2\/product_brand?post=68236"},{"taxonomy":"product_cat","embeddable":true,"href":"https:\/\/freshgarbage.fi\/en\/wp-json\/wp\/v2\/product_cat?post=68236"},{"taxonomy":"product_tag","embeddable":true,"href":"https:\/\/freshgarbage.fi\/en\/wp-json\/wp\/v2\/product_tag?post=68236"}],"curies":[{"name":"wp","href":"https:\/\/api.w.org\/{rel}","templated":true}]}}