{"id":68186,"date":"2025-09-04T17:27:47","date_gmt":"2025-09-04T14:27:47","guid":{"rendered":"https:\/\/freshgarbage.fi\/tuote\/pharoah-sanders-message-from-home\/"},"modified":"2026-03-16T15:54:53","modified_gmt":"2026-03-16T13:54:53","slug":"pharoah-sanders-message-from-home","status":"publish","type":"product","link":"https:\/\/freshgarbage.fi\/en\/product\/pharoah-sanders-message-from-home\/","title":{"rendered":"Pharoah Sanders \u2013 Message From Home"},"content":{"rendered":"","protected":false},"excerpt":{"rendered":"<p>Ensimm\u00e4inen uusintapainos alkuper\u00e4isen j\u00e4lkeen!<\/p>\n<p>Originally released in 1995, Message From Home is a captivating fusion of hip-hop grooves, African rhythms, and spiritual depth, showcasing the unparalleled artistry of jazz saxophonist Pharoah Sanders. Produced by the legendary Bill Laswell, this album brings together a remarkable ensemble of musicians, including kora virtuoso Foday Musa Suso, keyboardist and vocalist Bernie Worrell, acoustic bassist Charnett Moffett, electric pianist and vocalist William Henderson, guitarist Dominic Kanza, and keyboardist Jeff Bova. Tracks include the mystical jazz hypnotic groove \u201cOur Roots (Began in Africa)\u201d plus five more mesmerizing soundscapes. Now, for the first time since its original 1995 release, Message From Home is reissued on Music On Vinyl.<\/p>\n<p>A1 Our Roots (Began In Africa) 10:21<br \/>\nA2 Nozipho 9:43<br \/>\nA3 Tomoki 6:26<br \/>\nB1 Ocean Song 8:49<br \/>\nB2 Kumba 7:50<br \/>\nB3 Country Mile 6:03<\/p>\n","protected":false},"featured_media":53385,"template":"","meta":{"_acf_changed":false},"product_brand":[],"product_cat":[122,107],"product_tag":[],"class_list":{"0":"post-68186","1":"product","2":"type-product","3":"status-publish","4":"has-post-thumbnail","6":"product_cat-jazz-fusion-en","7":"product_cat-new","8":"pa_formaatti-lp-en","9":"pa_kaytetty-uusi-new","11":"first","12":"instock","13":"taxable","14":"shipping-taxable","15":"purchasable","16":"product-type-simple"},"acf":[],"_links":{"self":[{"href":"https:\/\/freshgarbage.fi\/en\/wp-json\/wp\/v2\/product\/68186","targetHints":{"allow":["GET"]}}],"collection":[{"href":"https:\/\/freshgarbage.fi\/en\/wp-json\/wp\/v2\/product"}],"about":[{"href":"https:\/\/freshgarbage.fi\/en\/wp-json\/wp\/v2\/types\/product"}],"wp:featuredmedia":[{"embeddable":true,"href":"https:\/\/freshgarbage.fi\/en\/wp-json\/wp\/v2\/media\/53385"}],"wp:attachment":[{"href":"https:\/\/freshgarbage.fi\/en\/wp-json\/wp\/v2\/media?parent=68186"}],"wp:term":[{"taxonomy":"product_brand","embeddable":true,"href":"https:\/\/freshgarbage.fi\/en\/wp-json\/wp\/v2\/product_brand?post=68186"},{"taxonomy":"product_cat","embeddable":true,"href":"https:\/\/freshgarbage.fi\/en\/wp-json\/wp\/v2\/product_cat?post=68186"},{"taxonomy":"product_tag","embeddable":true,"href":"https:\/\/freshgarbage.fi\/en\/wp-json\/wp\/v2\/product_tag?post=68186"}],"curies":[{"name":"wp","href":"https:\/\/api.w.org\/{rel}","templated":true}]}}