{"id":68166,"date":"2025-09-05T17:03:05","date_gmt":"2025-09-05T14:03:05","guid":{"rendered":"https:\/\/freshgarbage.fi\/tuote\/organic-pulse-ensemble-zither-suite\/"},"modified":"2025-09-05T17:03:05","modified_gmt":"2025-09-05T14:03:05","slug":"organic-pulse-ensemble-zither-suite","status":"publish","type":"product","link":"https:\/\/freshgarbage.fi\/en\/product\/organic-pulse-ensemble-zither-suite\/","title":{"rendered":"Organic Pulse Ensemble \u2013 Zither Suite"},"content":{"rendered":"","protected":false},"excerpt":{"rendered":"<p>3. painos.<\/p>\n<p>Zither Suite is the fifth OPE album. It was recorded in my apartment in Kortedala, just outside of Gothenburg. No neighbours were harmed in the recording process. The title track opens with a bitter sweet bass melody that I first recorded some 10 years ago, but it&#8217;s been fermenting ever since and finally reached maturity. The zither that gave name to the record (and the first track) was a find from the local charity shop. While it&#8217;s not featured on every track of the album it&#8217;s a crucial part of the feel of the album as a whole. It&#8217;s the rug that ties the room together.<\/p>\n<p>The tracks on this album are all original compositions with the exception of J\u00e4mtland which is based on an old Swedish folk melody, reported to have been played by musicians in J\u00e4mtland as early as the late 1700s. The county of J\u00e4mtland is forever claiming a tounge in cheek sort of independence from the Swedish governing body (in spirit rather than in actual policies) and J\u00e4mtlandss\u00e5ngen is it&#8217;s unofficial national anthem. -Gustav Horneij<\/p>\n<p>A1 Zither Suite<br \/>\nA2 Ypocalypse<br \/>\nA3 J\u00e4mtland<br \/>\nB1 Peace Piece<br \/>\nB2 Respect<br \/>\nB3 Compassion<\/p>\n","protected":false},"featured_media":54152,"template":"","meta":{"_acf_changed":false},"product_brand":[],"product_cat":[122,107],"product_tag":[],"class_list":{"0":"post-68166","1":"product","2":"type-product","3":"status-publish","4":"has-post-thumbnail","6":"product_cat-jazz-fusion-en","7":"product_cat-new","8":"pa_formaatti-lp-en","9":"pa_kaytetty-uusi-new","11":"first","12":"instock","13":"taxable","14":"shipping-taxable","15":"purchasable","16":"product-type-simple"},"acf":[],"_links":{"self":[{"href":"https:\/\/freshgarbage.fi\/en\/wp-json\/wp\/v2\/product\/68166","targetHints":{"allow":["GET"]}}],"collection":[{"href":"https:\/\/freshgarbage.fi\/en\/wp-json\/wp\/v2\/product"}],"about":[{"href":"https:\/\/freshgarbage.fi\/en\/wp-json\/wp\/v2\/types\/product"}],"wp:featuredmedia":[{"embeddable":true,"href":"https:\/\/freshgarbage.fi\/en\/wp-json\/wp\/v2\/media\/54152"}],"wp:attachment":[{"href":"https:\/\/freshgarbage.fi\/en\/wp-json\/wp\/v2\/media?parent=68166"}],"wp:term":[{"taxonomy":"product_brand","embeddable":true,"href":"https:\/\/freshgarbage.fi\/en\/wp-json\/wp\/v2\/product_brand?post=68166"},{"taxonomy":"product_cat","embeddable":true,"href":"https:\/\/freshgarbage.fi\/en\/wp-json\/wp\/v2\/product_cat?post=68166"},{"taxonomy":"product_tag","embeddable":true,"href":"https:\/\/freshgarbage.fi\/en\/wp-json\/wp\/v2\/product_tag?post=68166"}],"curies":[{"name":"wp","href":"https:\/\/api.w.org\/{rel}","templated":true}]}}