{"id":68150,"date":"2025-12-12T11:45:14","date_gmt":"2025-12-12T09:45:14","guid":{"rendered":"https:\/\/freshgarbage.fi\/tuote\/the-rolling-stones-rewind-1971-1984\/"},"modified":"2025-12-12T11:45:14","modified_gmt":"2025-12-12T09:45:14","slug":"the-rolling-stones-rewind-1971-1984","status":"publish","type":"product","link":"https:\/\/freshgarbage.fi\/en\/product\/the-rolling-stones-rewind-1971-1984\/","title":{"rendered":"The Rolling Stones \u2013 Rewind (1971-1984)"},"content":{"rendered":"","protected":false},"excerpt":{"rendered":"<p>Hieman kevytt\u00e4 j\u00e4lke\u00e4, soi hyvin.<\/p>\n<p>A1 Miss You 4:45<br \/>\nA2 Brown Sugar 3:49<br \/>\nA3 Undercover Of The Night 4:29<br \/>\nA4 Start Me Up 3:32<br \/>\nA5 Tumbling Dice 3:39<br \/>\nA6 Hang Fire 2:21<br \/>\nA7 It&#8217;s Only Rock And Roll (But I Like It) 5:07<br \/>\nB1 Emotional Rescue 5:37<br \/>\nB2 Beast Of Burden 4:25<br \/>\nB3 Fool To Cry 5:04<br \/>\nB4 Waiting On A Friend 4:36<br \/>\nB5 Angie 4:30<br \/>\nB6 Doo Doo Doo Doo Doo (Heartbreaker) 3:26<\/p>\n","protected":false},"featured_media":61528,"template":"","meta":{"_acf_changed":false},"product_brand":[],"product_cat":[116],"product_tag":[],"class_list":{"0":"post-68150","1":"product","2":"type-product","3":"status-publish","4":"has-post-thumbnail","6":"product_cat-rock-pop-en","7":"pa_formaatti-lp-en","8":"pa_kaytetty-uusi-2nd-hand","10":"first","11":"instock","12":"shipping-taxable","13":"purchasable","14":"product-type-simple"},"acf":[],"_links":{"self":[{"href":"https:\/\/freshgarbage.fi\/en\/wp-json\/wp\/v2\/product\/68150","targetHints":{"allow":["GET"]}}],"collection":[{"href":"https:\/\/freshgarbage.fi\/en\/wp-json\/wp\/v2\/product"}],"about":[{"href":"https:\/\/freshgarbage.fi\/en\/wp-json\/wp\/v2\/types\/product"}],"wp:featuredmedia":[{"embeddable":true,"href":"https:\/\/freshgarbage.fi\/en\/wp-json\/wp\/v2\/media\/61528"}],"wp:attachment":[{"href":"https:\/\/freshgarbage.fi\/en\/wp-json\/wp\/v2\/media?parent=68150"}],"wp:term":[{"taxonomy":"product_brand","embeddable":true,"href":"https:\/\/freshgarbage.fi\/en\/wp-json\/wp\/v2\/product_brand?post=68150"},{"taxonomy":"product_cat","embeddable":true,"href":"https:\/\/freshgarbage.fi\/en\/wp-json\/wp\/v2\/product_cat?post=68150"},{"taxonomy":"product_tag","embeddable":true,"href":"https:\/\/freshgarbage.fi\/en\/wp-json\/wp\/v2\/product_tag?post=68150"}],"curies":[{"name":"wp","href":"https:\/\/api.w.org\/{rel}","templated":true}]}}