{"id":68078,"date":"2025-09-12T10:01:25","date_gmt":"2025-09-12T07:01:25","guid":{"rendered":"https:\/\/freshgarbage.fi\/tuote\/lyyti-pidan-sulle-paikkaa\/"},"modified":"2025-09-12T10:01:25","modified_gmt":"2025-09-12T07:01:25","slug":"lyyti-pidan-sulle-paikkaa","status":"publish","type":"product","link":"https:\/\/freshgarbage.fi\/en\/product\/lyyti-pidan-sulle-paikkaa\/","title":{"rendered":"Lyyti \u2013 Pid\u00e4n sulle paikkaa"},"content":{"rendered":"","protected":false},"excerpt":{"rendered":"<p>V\u00e4rilevy.<\/p>\n<p>Lyytin nelj\u00e4s albumi &#8220;Pid\u00e4n sulle paikkaa&#8221; on kuin soiva satukirja, jonka tarinat tutkivat yst\u00e4vyytt\u00e4 ja yhteen kuulumista. Yst\u00e4vyytt\u00e4 opetellaan peukalot pystyss\u00e4 tienposkessa, y\u00f6junan kolinassa, p\u00e4iv\u00e4unissa ja ensik\u00e4nniss\u00e4, maineen poluilla ja mattolaituriuinneilla.<\/p>\n<p>Menn\u00e4\u00e4nk\u00f6 yht\u00e4 matkaa? Pid\u00e4tk\u00f6 mulle paikkaa? Onko yst\u00e4vyydell\u00e4 s\u00e4\u00e4nt\u00f6j\u00e4? Milt\u00e4 tuntuu olla oikeasti l\u00e4hell\u00e4?<\/p>\n<p>Pikkurillivalat vannotaan, koitetaan p\u00e4\u00e4st\u00e4 porukkaan, ja tajutaan ett\u00e4 meill\u00e4 on vain toisemme. Siisp\u00e4 rakennetaan paratiisi joutomaan laidalle ja pidet\u00e4\u00e4n juhlat, joissa on jokaiselle paikka.<\/p>\n<p>1.\u2060 \u2060Jos et kerro kellek\u00e4\u00e4n<br \/>\n2.\u2060 \u2060Tuolileikki<br \/>\n3.\u2060 \u2060Paras yst\u00e4v\u00e4<br \/>\n4.\u2060 \u2060Jos t\u00e4\u00e4 on unta<br \/>\n5.\u2060 \u2060Seitsem\u00e4n kukkaa<br \/>\n6.\u2060 \u2060&#8230;ja sinut armaakseni vien&#8230;<br \/>\n7.\u2060 \u2060Ootko s\u00e4 hereill\u00e4?<br \/>\n8.\u2060 \u2060Entiset yst\u00e4v\u00e4t<br \/>\n9.\u2060 \u2060Millimetrit<br \/>\n10.\u2060 \u2060Totaalista rakkautta<br \/>\n11.\u2060 \u2060Runotytt\u00f6 maineen polulla<br \/>\n12.\u2060 \u2060Pid\u00e4n sulle paikkaa<\/p>\n","protected":false},"featured_media":53427,"template":"","meta":{"_acf_changed":false},"product_brand":[],"product_cat":[120,107],"product_tag":[],"class_list":{"0":"post-68078","1":"product","2":"type-product","3":"status-publish","4":"has-post-thumbnail","6":"product_cat-finnish","7":"product_cat-new","8":"pa_formaatti-lp-en","9":"pa_kaytetty-uusi-new","11":"first","12":"instock","13":"taxable","14":"shipping-taxable","15":"purchasable","16":"product-type-simple"},"acf":[],"_links":{"self":[{"href":"https:\/\/freshgarbage.fi\/en\/wp-json\/wp\/v2\/product\/68078","targetHints":{"allow":["GET"]}}],"collection":[{"href":"https:\/\/freshgarbage.fi\/en\/wp-json\/wp\/v2\/product"}],"about":[{"href":"https:\/\/freshgarbage.fi\/en\/wp-json\/wp\/v2\/types\/product"}],"wp:featuredmedia":[{"embeddable":true,"href":"https:\/\/freshgarbage.fi\/en\/wp-json\/wp\/v2\/media\/53427"}],"wp:attachment":[{"href":"https:\/\/freshgarbage.fi\/en\/wp-json\/wp\/v2\/media?parent=68078"}],"wp:term":[{"taxonomy":"product_brand","embeddable":true,"href":"https:\/\/freshgarbage.fi\/en\/wp-json\/wp\/v2\/product_brand?post=68078"},{"taxonomy":"product_cat","embeddable":true,"href":"https:\/\/freshgarbage.fi\/en\/wp-json\/wp\/v2\/product_cat?post=68078"},{"taxonomy":"product_tag","embeddable":true,"href":"https:\/\/freshgarbage.fi\/en\/wp-json\/wp\/v2\/product_tag?post=68078"}],"curies":[{"name":"wp","href":"https:\/\/api.w.org\/{rel}","templated":true}]}}