{"id":68053,"date":"2025-10-28T11:39:47","date_gmt":"2025-10-28T09:39:47","guid":{"rendered":"https:\/\/freshgarbage.fi\/tuote\/olafur-arnalds-another-happy-day-original-motion-picture-soundtrack\/"},"modified":"2025-10-28T11:39:47","modified_gmt":"2025-10-28T09:39:47","slug":"olafur-arnalds-another-happy-day-original-motion-picture-soundtrack","status":"publish","type":"product","link":"https:\/\/freshgarbage.fi\/en\/product\/olafur-arnalds-another-happy-day-original-motion-picture-soundtrack\/","title":{"rendered":"\u00d3lafur Arnalds \u2013 Another Happy Day (Original Motion Picture Soundtrack)"},"content":{"rendered":"","protected":false},"excerpt":{"rendered":"<p>Alkuper\u00e4inen painos. Kevytt\u00e4 sis\u00e4pussij\u00e4lke\u00e4. Jonkin verran kevytt\u00e4 taustaritin\u00e4\u00e4.<\/p>\n","protected":false},"featured_media":57976,"template":"","meta":{"_acf_changed":false},"product_brand":[],"product_cat":[133],"product_tag":[],"class_list":{"0":"post-68053","1":"product","2":"type-product","3":"status-publish","4":"has-post-thumbnail","6":"product_cat-soundtracks-en","7":"pa_formaatti-lp-en","8":"pa_kaytetty-uusi-2nd-hand","10":"first","11":"instock","12":"shipping-taxable","13":"purchasable","14":"product-type-simple"},"acf":[],"_links":{"self":[{"href":"https:\/\/freshgarbage.fi\/en\/wp-json\/wp\/v2\/product\/68053","targetHints":{"allow":["GET"]}}],"collection":[{"href":"https:\/\/freshgarbage.fi\/en\/wp-json\/wp\/v2\/product"}],"about":[{"href":"https:\/\/freshgarbage.fi\/en\/wp-json\/wp\/v2\/types\/product"}],"wp:featuredmedia":[{"embeddable":true,"href":"https:\/\/freshgarbage.fi\/en\/wp-json\/wp\/v2\/media\/57976"}],"wp:attachment":[{"href":"https:\/\/freshgarbage.fi\/en\/wp-json\/wp\/v2\/media?parent=68053"}],"wp:term":[{"taxonomy":"product_brand","embeddable":true,"href":"https:\/\/freshgarbage.fi\/en\/wp-json\/wp\/v2\/product_brand?post=68053"},{"taxonomy":"product_cat","embeddable":true,"href":"https:\/\/freshgarbage.fi\/en\/wp-json\/wp\/v2\/product_cat?post=68053"},{"taxonomy":"product_tag","embeddable":true,"href":"https:\/\/freshgarbage.fi\/en\/wp-json\/wp\/v2\/product_tag?post=68053"}],"curies":[{"name":"wp","href":"https:\/\/api.w.org\/{rel}","templated":true}]}}