{"id":68031,"date":"2024-04-30T17:20:18","date_gmt":"2024-04-30T14:20:18","guid":{"rendered":"https:\/\/freshgarbage.fi\/tuote\/various-recordando-a-triana\/"},"modified":"2024-04-30T17:20:18","modified_gmt":"2024-04-30T14:20:18","slug":"various-recordando-a-triana","status":"publish","type":"product","link":"https:\/\/freshgarbage.fi\/en\/product\/various-recordando-a-triana\/","title":{"rendered":"Various \u2013 Recordando A Triana"},"content":{"rendered":"","protected":false},"excerpt":{"rendered":"<p>A1 Estrella\u00a0 Y Sole\u00e1 Morente Con Juan Habichuela Nieto \u2013 S\u00e9 De Un Lugar<br \/>\nA2 Jota (Los Planetas) \u2013 Recuerdos De Una Noche<br \/>\nA3 Juan Alberto (Ni\u00f1os Mutantes) \u2013 Tu Frialdad<br \/>\nA4 Miguel Rivera (Maga) \u2013 Di\u00e1logo<br \/>\nB1 Kiko Veneno \u2013 Desnuda La Ma\u00f1ana<br \/>\nB2 Noni Y Ale (Lori Meyers) \u2013 Una Noche De Amor Desesperada<br \/>\nB3 Antonio Arias (Lagartija Nick) \u2013 Ya Est\u00e1 Bien<br \/>\nB4 Antonio Arias (Lagartija Nick) \u2013 Necesito<br \/>\nC1 Argentina (3) Y Juan Habichuela Nieto \u2013 Abre La Puerta<br \/>\nC2 Noni Y Ale (Lori Meyers) \u2013 Todo Es De Color<br \/>\nC3 Jota Y Manu Y Anni B Sweet \u2013 Quiero Contarte<br \/>\nD1 P\u00e1jaro \u2013 Del Crep\u00fasculo Lento Nacer\u00e1 El Roc\u00edo<br \/>\nD2 Ni\u00f1o De Elche \u2013 Hijos Del Agobio<br \/>\nD3 Antonio Luque (Sr. Chinarro) \u2013 Se\u00f1or Troncoso<br \/>\nD4 Julio De La Rosa Y Chencho Fern\u00e1ndez \u2013 Luminosa Ma\u00f1ana<br \/>\nD5 Miguel Rivera (Maga) \u2013 Una Historia<\/p>\n","protected":false},"featured_media":16042,"template":"","meta":{"_acf_changed":false},"product_brand":[],"product_cat":[113,137],"product_tag":[],"class_list":{"0":"post-68031","1":"product","2":"type-product","3":"status-publish","4":"has-post-thumbnail","6":"product_cat-progressive-rock-krautrock-en","7":"product_cat-world-music-traditional-ethnic-en","8":"pa_formaatti-lp-en","9":"pa_kaytetty-uusi-2nd-hand","11":"first","12":"instock","13":"shipping-taxable","14":"purchasable","15":"product-type-simple"},"acf":[],"_links":{"self":[{"href":"https:\/\/freshgarbage.fi\/en\/wp-json\/wp\/v2\/product\/68031","targetHints":{"allow":["GET"]}}],"collection":[{"href":"https:\/\/freshgarbage.fi\/en\/wp-json\/wp\/v2\/product"}],"about":[{"href":"https:\/\/freshgarbage.fi\/en\/wp-json\/wp\/v2\/types\/product"}],"wp:featuredmedia":[{"embeddable":true,"href":"https:\/\/freshgarbage.fi\/en\/wp-json\/wp\/v2\/media\/16042"}],"wp:attachment":[{"href":"https:\/\/freshgarbage.fi\/en\/wp-json\/wp\/v2\/media?parent=68031"}],"wp:term":[{"taxonomy":"product_brand","embeddable":true,"href":"https:\/\/freshgarbage.fi\/en\/wp-json\/wp\/v2\/product_brand?post=68031"},{"taxonomy":"product_cat","embeddable":true,"href":"https:\/\/freshgarbage.fi\/en\/wp-json\/wp\/v2\/product_cat?post=68031"},{"taxonomy":"product_tag","embeddable":true,"href":"https:\/\/freshgarbage.fi\/en\/wp-json\/wp\/v2\/product_tag?post=68031"}],"curies":[{"name":"wp","href":"https:\/\/api.w.org\/{rel}","templated":true}]}}