{"id":68014,"date":"2025-11-28T11:45:33","date_gmt":"2025-11-28T09:45:33","guid":{"rendered":"https:\/\/freshgarbage.fi\/tuote\/elvis-presley-girls-girls-girls\/"},"modified":"2025-11-28T11:45:33","modified_gmt":"2025-11-28T09:45:33","slug":"elvis-presley-girls-girls-girls","status":"publish","type":"product","link":"https:\/\/freshgarbage.fi\/en\/product\/elvis-presley-girls-girls-girls\/","title":{"rendered":"Elvis Presley \u2013 Girls! Girls! Girls!"},"content":{"rendered":"","protected":false},"excerpt":{"rendered":"<p>Varhainen USA-painos. Stereo. Hieman hankaumaa ja kevytt\u00e4 hiusj\u00e4lke\u00e4, mutta varsin hyv\u00e4kuntoinen kokonaisuus.<\/p>\n","protected":false},"featured_media":60485,"template":"","meta":{"_acf_changed":false},"product_brand":[],"product_cat":[116,133],"product_tag":[],"class_list":{"0":"post-68014","1":"product","2":"type-product","3":"status-publish","4":"has-post-thumbnail","6":"product_cat-rock-pop-en","7":"product_cat-soundtracks-en","8":"pa_formaatti-lp-en","9":"pa_kaytetty-uusi-2nd-hand","11":"first","12":"instock","13":"shipping-taxable","14":"purchasable","15":"product-type-simple"},"acf":[],"_links":{"self":[{"href":"https:\/\/freshgarbage.fi\/en\/wp-json\/wp\/v2\/product\/68014","targetHints":{"allow":["GET"]}}],"collection":[{"href":"https:\/\/freshgarbage.fi\/en\/wp-json\/wp\/v2\/product"}],"about":[{"href":"https:\/\/freshgarbage.fi\/en\/wp-json\/wp\/v2\/types\/product"}],"wp:featuredmedia":[{"embeddable":true,"href":"https:\/\/freshgarbage.fi\/en\/wp-json\/wp\/v2\/media\/60485"}],"wp:attachment":[{"href":"https:\/\/freshgarbage.fi\/en\/wp-json\/wp\/v2\/media?parent=68014"}],"wp:term":[{"taxonomy":"product_brand","embeddable":true,"href":"https:\/\/freshgarbage.fi\/en\/wp-json\/wp\/v2\/product_brand?post=68014"},{"taxonomy":"product_cat","embeddable":true,"href":"https:\/\/freshgarbage.fi\/en\/wp-json\/wp\/v2\/product_cat?post=68014"},{"taxonomy":"product_tag","embeddable":true,"href":"https:\/\/freshgarbage.fi\/en\/wp-json\/wp\/v2\/product_tag?post=68014"}],"curies":[{"name":"wp","href":"https:\/\/api.w.org\/{rel}","templated":true}]}}