{"id":68010,"date":"2025-09-23T16:49:36","date_gmt":"2025-09-23T13:49:36","guid":{"rendered":"https:\/\/freshgarbage.fi\/tuote\/joni-ekman-koira-xl4\/"},"modified":"2025-09-23T16:49:36","modified_gmt":"2025-09-23T13:49:36","slug":"joni-ekman-koira-xl4","status":"publish","type":"product","link":"https:\/\/freshgarbage.fi\/en\/product\/joni-ekman-koira-xl4\/","title":{"rendered":"Joni Ekman &#038; Koira \u2013 XL4"},"content":{"rendered":"","protected":false},"excerpt":{"rendered":"<p>Joni Ekman &amp; Koira on vuodesta 2014 asti toiminut tamperelainen nelihenkinen rockb\u00e4ndi. Yhtyeen mukaan sen musiikki on perinteit\u00e4 kunnioittavaa taulap\u00e4ist\u00e4 kokoliharokkia, jota on ty\u00f6stetty levyille t\u00e4h\u00e4n menness\u00e4 jo kolmen t\u00e4yspitk\u00e4n \u00e4\u00e4nitteen verran. Kokoonpanon nimikkoalbumi ilmestyi vuonna 2017, jonka j\u00e4lkeen levykaupan hyllyyn putkahtivat Uskon musiikkiin (2019) sek\u00e4 Iso kolmonen (2021). Toukokuun alussa 2025 ilmestynyt nelj\u00e4s albumi ei tee poikkeusta hyv\u00e4ksi havaitusta linjasta.<\/p>\n<p>\u201dEnergia 100 %, \u00e4lykkyysosam\u00e4\u00e4r\u00e4 0 ja koko yhtye osallistuu s\u00e4velt\u00e4miseen! Kitarat ulvovat, rummut paukkuvat ja basso jytisee! Ei sit\u00e4 muuta tarvitakaan. T\u00e4m\u00e4 on XL4. Olkaa hyv\u00e4!\u201d<\/p>\n<p>A1 M\u00e4 Rokkaan<br \/>\nA2 H\u00e4rm\u00e4n J\u00e4tk\u00e4<br \/>\nA3 En Ryypp\u00e4\u00e4 En\u00e4\u00e4<br \/>\nA4 Ruotsiin!<br \/>\nB1 Keep On Haul&#8217;<br \/>\nB2 Beibi Tahtoo Pitsaa<br \/>\nB3 Kaupungin Konstailevin Kusip\u00e4\u00e4<br \/>\nB4 Laukaisen<br \/>\nB5 Kone K\u00e4yntiin<\/p>\n","protected":false},"featured_media":55417,"template":"","meta":{"_acf_changed":false},"product_brand":[],"product_cat":[120,107],"product_tag":[],"class_list":{"0":"post-68010","1":"product","2":"type-product","3":"status-publish","4":"has-post-thumbnail","6":"product_cat-finnish","7":"product_cat-new","8":"pa_formaatti-lp-en","9":"pa_kaytetty-uusi-new","11":"first","12":"instock","13":"taxable","14":"shipping-taxable","15":"purchasable","16":"product-type-simple"},"acf":[],"_links":{"self":[{"href":"https:\/\/freshgarbage.fi\/en\/wp-json\/wp\/v2\/product\/68010","targetHints":{"allow":["GET"]}}],"collection":[{"href":"https:\/\/freshgarbage.fi\/en\/wp-json\/wp\/v2\/product"}],"about":[{"href":"https:\/\/freshgarbage.fi\/en\/wp-json\/wp\/v2\/types\/product"}],"wp:featuredmedia":[{"embeddable":true,"href":"https:\/\/freshgarbage.fi\/en\/wp-json\/wp\/v2\/media\/55417"}],"wp:attachment":[{"href":"https:\/\/freshgarbage.fi\/en\/wp-json\/wp\/v2\/media?parent=68010"}],"wp:term":[{"taxonomy":"product_brand","embeddable":true,"href":"https:\/\/freshgarbage.fi\/en\/wp-json\/wp\/v2\/product_brand?post=68010"},{"taxonomy":"product_cat","embeddable":true,"href":"https:\/\/freshgarbage.fi\/en\/wp-json\/wp\/v2\/product_cat?post=68010"},{"taxonomy":"product_tag","embeddable":true,"href":"https:\/\/freshgarbage.fi\/en\/wp-json\/wp\/v2\/product_tag?post=68010"}],"curies":[{"name":"wp","href":"https:\/\/api.w.org\/{rel}","templated":true}]}}