{"id":67996,"date":"2025-09-30T11:42:06","date_gmt":"2025-09-30T08:42:06","guid":{"rendered":"https:\/\/freshgarbage.fi\/tuote\/kristiina-muistatko-kuka-on-kristiina\/"},"modified":"2025-09-30T11:42:06","modified_gmt":"2025-09-30T08:42:06","slug":"kristiina-muistatko-kuka-on-kristiina","status":"publish","type":"product","link":"https:\/\/freshgarbage.fi\/en\/product\/kristiina-muistatko-kuka-on-kristiina\/","title":{"rendered":"Kristiina \u2013 Muistatko kuka on Kristiina?"},"content":{"rendered":"","protected":false},"excerpt":{"rendered":"<p>Debyyttialbumillaan Palavan rakkauden aika hurmanneen Kristiinan toinen albumi.<\/p>\n<p>Siin\u00e4 miss\u00e4 aiempi levy oli kokonaan laulaja-kitaristi Kristiina Tuhkasen ja kitaristi Joni Ekmanin k\u00e4sialaa, uudella albumilla soittaa koko viisihenkinen yhtye. Ahkeran keikkailun my\u00f6t\u00e4 taitavana tunnetun liveb\u00e4ndin soitto on hioutunut entist\u00e4kin kauniimmaksi ja syk\u00e4hdytt\u00e4v\u00e4mm\u00e4ksi, ja t\u00e4m\u00e4 kuuluu my\u00f6s yhdess\u00e4 sovitetun albumin raidoilla.<\/p>\n<p>A<br \/>\n1. Kala vedess\u00e4<br \/>\n2. O tempora, o mores<br \/>\n3. Mahdotonta tavoittaa<br \/>\n4. Faija<\/p>\n<p>B<br \/>\n1. Sha-la-la<br \/>\n2. Hameenhelma<br \/>\n3. Murmeli<br \/>\n4- Honeymoon<\/p>\n<p>https:\/\/www.youtube.com\/watch?v=JPTw5nAxd6k<\/p>\n","protected":false},"featured_media":52729,"template":"","meta":{"_acf_changed":false},"product_brand":[],"product_cat":[120,107],"product_tag":[],"class_list":{"0":"post-67996","1":"product","2":"type-product","3":"status-publish","4":"has-post-thumbnail","6":"product_cat-finnish","7":"product_cat-new","8":"pa_formaatti-lp-en","9":"pa_kaytetty-uusi-new","11":"first","12":"instock","13":"taxable","14":"shipping-taxable","15":"purchasable","16":"product-type-simple"},"acf":[],"_links":{"self":[{"href":"https:\/\/freshgarbage.fi\/en\/wp-json\/wp\/v2\/product\/67996","targetHints":{"allow":["GET"]}}],"collection":[{"href":"https:\/\/freshgarbage.fi\/en\/wp-json\/wp\/v2\/product"}],"about":[{"href":"https:\/\/freshgarbage.fi\/en\/wp-json\/wp\/v2\/types\/product"}],"wp:featuredmedia":[{"embeddable":true,"href":"https:\/\/freshgarbage.fi\/en\/wp-json\/wp\/v2\/media\/52729"}],"wp:attachment":[{"href":"https:\/\/freshgarbage.fi\/en\/wp-json\/wp\/v2\/media?parent=67996"}],"wp:term":[{"taxonomy":"product_brand","embeddable":true,"href":"https:\/\/freshgarbage.fi\/en\/wp-json\/wp\/v2\/product_brand?post=67996"},{"taxonomy":"product_cat","embeddable":true,"href":"https:\/\/freshgarbage.fi\/en\/wp-json\/wp\/v2\/product_cat?post=67996"},{"taxonomy":"product_tag","embeddable":true,"href":"https:\/\/freshgarbage.fi\/en\/wp-json\/wp\/v2\/product_tag?post=67996"}],"curies":[{"name":"wp","href":"https:\/\/api.w.org\/{rel}","templated":true}]}}