{"id":67995,"date":"2025-12-10T11:45:51","date_gmt":"2025-12-10T09:45:51","guid":{"rendered":"https:\/\/freshgarbage.fi\/tuote\/elvis-presley-frankie-and-johnny\/"},"modified":"2025-12-10T11:45:51","modified_gmt":"2025-12-10T09:45:51","slug":"elvis-presley-frankie-and-johnny","status":"publish","type":"product","link":"https:\/\/freshgarbage.fi\/en\/product\/elvis-presley-frankie-and-johnny\/","title":{"rendered":"Elvis Presley \u2013 Frankie And Johnny"},"content":{"rendered":"","protected":false},"excerpt":{"rendered":"<p>Alkuper\u00e4inen US-painos.<\/p>\n<p>Kannen suojamuovissa edelleen kiinni tarra, jossa mainostetaan sis\u00e4lt\u00e4 l\u00f6ytyv\u00e4\u00e4 kuvaa. Valitettavasti itse kuva ei kuitenkaan en\u00e4\u00e4 tallessa.<\/p>\n","protected":false},"featured_media":61260,"template":"","meta":{"_acf_changed":false},"product_brand":[],"product_cat":[116,133],"product_tag":[],"class_list":{"0":"post-67995","1":"product","2":"type-product","3":"status-publish","4":"has-post-thumbnail","6":"product_cat-rock-pop-en","7":"product_cat-soundtracks-en","8":"pa_formaatti-lp-en","9":"pa_kaytetty-uusi-2nd-hand","11":"first","12":"instock","13":"shipping-taxable","14":"purchasable","15":"product-type-simple"},"acf":[],"_links":{"self":[{"href":"https:\/\/freshgarbage.fi\/en\/wp-json\/wp\/v2\/product\/67995","targetHints":{"allow":["GET"]}}],"collection":[{"href":"https:\/\/freshgarbage.fi\/en\/wp-json\/wp\/v2\/product"}],"about":[{"href":"https:\/\/freshgarbage.fi\/en\/wp-json\/wp\/v2\/types\/product"}],"wp:featuredmedia":[{"embeddable":true,"href":"https:\/\/freshgarbage.fi\/en\/wp-json\/wp\/v2\/media\/61260"}],"wp:attachment":[{"href":"https:\/\/freshgarbage.fi\/en\/wp-json\/wp\/v2\/media?parent=67995"}],"wp:term":[{"taxonomy":"product_brand","embeddable":true,"href":"https:\/\/freshgarbage.fi\/en\/wp-json\/wp\/v2\/product_brand?post=67995"},{"taxonomy":"product_cat","embeddable":true,"href":"https:\/\/freshgarbage.fi\/en\/wp-json\/wp\/v2\/product_cat?post=67995"},{"taxonomy":"product_tag","embeddable":true,"href":"https:\/\/freshgarbage.fi\/en\/wp-json\/wp\/v2\/product_tag?post=67995"}],"curies":[{"name":"wp","href":"https:\/\/api.w.org\/{rel}","templated":true}]}}