{"id":67981,"date":"2024-06-11T11:59:13","date_gmt":"2024-06-11T08:59:13","guid":{"rendered":"https:\/\/freshgarbage.fi\/tuote\/various-ja-posetiivi-soi\/"},"modified":"2024-06-11T11:59:13","modified_gmt":"2024-06-11T08:59:13","slug":"various-ja-posetiivi-soi","status":"publish","type":"product","link":"https:\/\/freshgarbage.fi\/en\/product\/various-ja-posetiivi-soi\/","title":{"rendered":"Various \u2013 Ja Posetiivi Soi"},"content":{"rendered":"","protected":false},"excerpt":{"rendered":"<ul>\n<li>Pient\u00e4 hintalappuj\u00e4\u00e4m\u00e4\u00e4 etukannen yl\u00e4kulmassa.<\/li>\n<li>Liite mukana, jossa muutama kyn\u00e4merkint\u00e4. My\u00f6s kannen sis\u00e4puolella pieni kirjoitus.<\/li>\n<\/ul>\n","protected":false},"featured_media":17573,"template":"","meta":{"_acf_changed":false},"product_brand":[],"product_cat":[120,137],"product_tag":[],"class_list":{"0":"post-67981","1":"product","2":"type-product","3":"status-publish","4":"has-post-thumbnail","6":"product_cat-finnish","7":"product_cat-world-music-traditional-ethnic-en","8":"pa_formaatti-lp-en","9":"pa_kaytetty-uusi-2nd-hand","11":"first","12":"outofstock","13":"shipping-taxable","14":"purchasable","15":"product-type-simple"},"acf":[],"_links":{"self":[{"href":"https:\/\/freshgarbage.fi\/en\/wp-json\/wp\/v2\/product\/67981","targetHints":{"allow":["GET"]}}],"collection":[{"href":"https:\/\/freshgarbage.fi\/en\/wp-json\/wp\/v2\/product"}],"about":[{"href":"https:\/\/freshgarbage.fi\/en\/wp-json\/wp\/v2\/types\/product"}],"wp:featuredmedia":[{"embeddable":true,"href":"https:\/\/freshgarbage.fi\/en\/wp-json\/wp\/v2\/media\/17573"}],"wp:attachment":[{"href":"https:\/\/freshgarbage.fi\/en\/wp-json\/wp\/v2\/media?parent=67981"}],"wp:term":[{"taxonomy":"product_brand","embeddable":true,"href":"https:\/\/freshgarbage.fi\/en\/wp-json\/wp\/v2\/product_brand?post=67981"},{"taxonomy":"product_cat","embeddable":true,"href":"https:\/\/freshgarbage.fi\/en\/wp-json\/wp\/v2\/product_cat?post=67981"},{"taxonomy":"product_tag","embeddable":true,"href":"https:\/\/freshgarbage.fi\/en\/wp-json\/wp\/v2\/product_tag?post=67981"}],"curies":[{"name":"wp","href":"https:\/\/api.w.org\/{rel}","templated":true}]}}