{"id":67980,"date":"2025-10-01T12:01:22","date_gmt":"2025-10-01T09:01:22","guid":{"rendered":"https:\/\/freshgarbage.fi\/tuote\/samuli-putro-viime-yolta\/"},"modified":"2025-10-01T12:01:22","modified_gmt":"2025-10-01T09:01:22","slug":"samuli-putro-viime-yolta","status":"publish","type":"product","link":"https:\/\/freshgarbage.fi\/en\/product\/samuli-putro-viime-yolta\/","title":{"rendered":"Samuli Putro \u2013 Viime y\u00f6lt\u00e4"},"content":{"rendered":"","protected":false},"excerpt":{"rendered":"<p>Juuri viisikymment\u00e4viisi vuotta t\u00e4ytt\u00e4nyt lauluntekij\u00e4 el\u00e4\u00e4 kulta-aikaansa. Samuli Putro julkaisee 26.9.2025 yhdeks\u00e4nnen sooloalbuminsa, Viime y\u00f6lt\u00e4.<\/p>\n<p>Levyn ensimm\u00e4iset singlet, Kuvat meist\u00e4 kaikista ja Kes\u00e4vieraat, ovat t\u00e4ytt\u00e4neet radiotaajuuksia tiuhaan. Kuten my\u00f6s jo vuonna 2024 julkaistu Ellinooran kanssa tehty j\u00e4ttihitti Osuma.<\/p>\n<p>Biisit on kirjoitettu samaan aikaan kuin El\u00e4m\u00e4ni miehet -kirja, vuosina 2022-2023. Kyll\u00e4h\u00e4n siell\u00e4 py\u00f6rit\u00e4\u00e4n hetkitt\u00e4in samantapaisten teemojen parissa. Poikapainia ja h\u00f6lm\u00f6ily\u00e4 er\u00e4m\u00f6kiss\u00e4, kuittaa Putro.<\/p>\n<p>1. Kaupunkiin<br \/>\n2. Kaappeja, luita ja lautasia<br \/>\n3. Liikunnanopettaja<br \/>\n4. Kuvat meist\u00e4 kaikista<br \/>\n5. Viime y\u00f6lt\u00e4<br \/>\n6. Hetken kauneus<br \/>\n7. Sanni<br \/>\n8. Onko kenell\u00e4k\u00e4\u00e4n yht\u00e4\u00e4n kaljaa<br \/>\n9. Kes\u00e4vieraat<br \/>\n10. Laiskat vesijuoksijat<br \/>\n11. Ihan normi maanantai<\/p>\n","protected":false},"featured_media":55688,"template":"","meta":{"_acf_changed":false},"product_brand":[],"product_cat":[120,107],"product_tag":[],"class_list":{"0":"post-67980","1":"product","2":"type-product","3":"status-publish","4":"has-post-thumbnail","6":"product_cat-finnish","7":"product_cat-new","8":"pa_formaatti-lp-en","9":"pa_kaytetty-uusi-new","11":"first","12":"instock","13":"taxable","14":"shipping-taxable","15":"purchasable","16":"product-type-simple"},"acf":[],"_links":{"self":[{"href":"https:\/\/freshgarbage.fi\/en\/wp-json\/wp\/v2\/product\/67980","targetHints":{"allow":["GET"]}}],"collection":[{"href":"https:\/\/freshgarbage.fi\/en\/wp-json\/wp\/v2\/product"}],"about":[{"href":"https:\/\/freshgarbage.fi\/en\/wp-json\/wp\/v2\/types\/product"}],"wp:featuredmedia":[{"embeddable":true,"href":"https:\/\/freshgarbage.fi\/en\/wp-json\/wp\/v2\/media\/55688"}],"wp:attachment":[{"href":"https:\/\/freshgarbage.fi\/en\/wp-json\/wp\/v2\/media?parent=67980"}],"wp:term":[{"taxonomy":"product_brand","embeddable":true,"href":"https:\/\/freshgarbage.fi\/en\/wp-json\/wp\/v2\/product_brand?post=67980"},{"taxonomy":"product_cat","embeddable":true,"href":"https:\/\/freshgarbage.fi\/en\/wp-json\/wp\/v2\/product_cat?post=67980"},{"taxonomy":"product_tag","embeddable":true,"href":"https:\/\/freshgarbage.fi\/en\/wp-json\/wp\/v2\/product_tag?post=67980"}],"curies":[{"name":"wp","href":"https:\/\/api.w.org\/{rel}","templated":true}]}}