{"id":67972,"date":"2025-10-08T12:01:04","date_gmt":"2025-10-08T09:01:04","guid":{"rendered":"https:\/\/freshgarbage.fi\/tuote\/tinyhawk-bizzarro-neko-a-sekai\/"},"modified":"2026-04-04T14:35:06","modified_gmt":"2026-04-04T11:35:06","slug":"tinyhawk-bizzarro-neko-a-sekai","status":"publish","type":"product","link":"https:\/\/freshgarbage.fi\/en\/product\/tinyhawk-bizzarro-neko-a-sekai\/","title":{"rendered":"Tinyhawk &#038; Bizzarro \u2013 Neko-A-Sekai"},"content":{"rendered":"","protected":false},"excerpt":{"rendered":"<p>Palkitun kitarayhtyeen odotettu toinen albumit. Tinyhawk &amp; Bizzarro on kitaristi Jenni Kinnusen s\u00e4vellysten ymp\u00e4rille muodostunut indie-rockryhm\u00e4, joka soittaa v\u00e4rikyll\u00e4ist\u00e4, kokeellis-vivahteikasta ja tanssittavaa rytmimusiikkia.<\/p>\n<p>A<br \/>\n1. Nekopolis<br \/>\n2. Tokyo No Go<br \/>\n3. Donichi<br \/>\n4. Ramen Break<\/p>\n<p>B<br \/>\n5. Pikushi<br \/>\n6. Moto Ai<br \/>\n7. Ebi<br \/>\n8. Neko-A-Sekai<\/p>\n<p>https:\/\/www.youtube.com\/watch?v=jfBNG-EvIFo<\/p>\n","protected":false},"featured_media":52732,"template":"","meta":{"_acf_changed":false},"product_brand":[],"product_cat":[120,107],"product_tag":[],"class_list":{"0":"post-67972","1":"product","2":"type-product","3":"status-publish","4":"has-post-thumbnail","6":"product_cat-finnish","7":"product_cat-new","8":"pa_formaatti-lp-en","9":"pa_kaytetty-uusi-new","11":"first","12":"instock","13":"taxable","14":"shipping-taxable","15":"purchasable","16":"product-type-simple"},"acf":[],"_links":{"self":[{"href":"https:\/\/freshgarbage.fi\/en\/wp-json\/wp\/v2\/product\/67972","targetHints":{"allow":["GET"]}}],"collection":[{"href":"https:\/\/freshgarbage.fi\/en\/wp-json\/wp\/v2\/product"}],"about":[{"href":"https:\/\/freshgarbage.fi\/en\/wp-json\/wp\/v2\/types\/product"}],"wp:featuredmedia":[{"embeddable":true,"href":"https:\/\/freshgarbage.fi\/en\/wp-json\/wp\/v2\/media\/52732"}],"wp:attachment":[{"href":"https:\/\/freshgarbage.fi\/en\/wp-json\/wp\/v2\/media?parent=67972"}],"wp:term":[{"taxonomy":"product_brand","embeddable":true,"href":"https:\/\/freshgarbage.fi\/en\/wp-json\/wp\/v2\/product_brand?post=67972"},{"taxonomy":"product_cat","embeddable":true,"href":"https:\/\/freshgarbage.fi\/en\/wp-json\/wp\/v2\/product_cat?post=67972"},{"taxonomy":"product_tag","embeddable":true,"href":"https:\/\/freshgarbage.fi\/en\/wp-json\/wp\/v2\/product_tag?post=67972"}],"curies":[{"name":"wp","href":"https:\/\/api.w.org\/{rel}","templated":true}]}}