{"id":67969,"date":"2025-10-09T15:30:38","date_gmt":"2025-10-09T12:30:38","guid":{"rendered":"https:\/\/freshgarbage.fi\/tuote\/pmmp-kuulkaas-enot\/"},"modified":"2025-10-09T15:30:38","modified_gmt":"2025-10-09T12:30:38","slug":"pmmp-kuulkaas-enot","status":"publish","type":"product","link":"https:\/\/freshgarbage.fi\/en\/product\/pmmp-kuulkaas-enot\/","title":{"rendered":"PMMP \u2013 Kuulkaas Enot!"},"content":{"rendered":"","protected":false},"excerpt":{"rendered":"<p>PMMP:n klassikko Kuulkaas Enot! vuodelta 2003 rajoitettuna painoksena vihre\u00e4ll\u00e4 vinyylill\u00e4.<\/p>\n<p>A1 Niina<br \/>\nA2 Kes\u00e4-95<br \/>\nA3 Rusketusraidat<br \/>\nA4 Odotan<br \/>\nA5 Joutsenet<br \/>\nB1 Synestesia<br \/>\nB2 Poika<br \/>\nB3 Onnellinen P\u00e4iv\u00e4<br \/>\nB4 Isin Pikku Tytt\u00f6<br \/>\nB5 Ikuinen Leikki<\/p>\n","protected":false},"featured_media":56314,"template":"","meta":{"_acf_changed":false},"product_brand":[],"product_cat":[120,107],"product_tag":[],"class_list":{"0":"post-67969","1":"product","2":"type-product","3":"status-publish","4":"has-post-thumbnail","6":"product_cat-finnish","7":"product_cat-new","8":"pa_formaatti-lp-en","9":"pa_kaytetty-uusi-new","11":"first","12":"instock","13":"taxable","14":"shipping-taxable","15":"purchasable","16":"product-type-simple"},"acf":[],"_links":{"self":[{"href":"https:\/\/freshgarbage.fi\/en\/wp-json\/wp\/v2\/product\/67969","targetHints":{"allow":["GET"]}}],"collection":[{"href":"https:\/\/freshgarbage.fi\/en\/wp-json\/wp\/v2\/product"}],"about":[{"href":"https:\/\/freshgarbage.fi\/en\/wp-json\/wp\/v2\/types\/product"}],"wp:featuredmedia":[{"embeddable":true,"href":"https:\/\/freshgarbage.fi\/en\/wp-json\/wp\/v2\/media\/56314"}],"wp:attachment":[{"href":"https:\/\/freshgarbage.fi\/en\/wp-json\/wp\/v2\/media?parent=67969"}],"wp:term":[{"taxonomy":"product_brand","embeddable":true,"href":"https:\/\/freshgarbage.fi\/en\/wp-json\/wp\/v2\/product_brand?post=67969"},{"taxonomy":"product_cat","embeddable":true,"href":"https:\/\/freshgarbage.fi\/en\/wp-json\/wp\/v2\/product_cat?post=67969"},{"taxonomy":"product_tag","embeddable":true,"href":"https:\/\/freshgarbage.fi\/en\/wp-json\/wp\/v2\/product_tag?post=67969"}],"curies":[{"name":"wp","href":"https:\/\/api.w.org\/{rel}","templated":true}]}}