{"id":67966,"date":"2024-07-12T14:43:04","date_gmt":"2024-07-12T11:43:04","guid":{"rendered":"https:\/\/freshgarbage.fi\/tuote\/geoffrey-oryema-exile\/"},"modified":"2024-07-12T14:43:04","modified_gmt":"2024-07-12T11:43:04","slug":"geoffrey-oryema-exile","status":"publish","type":"product","link":"https:\/\/freshgarbage.fi\/en\/product\/geoffrey-oryema-exile\/","title":{"rendered":"Geoffrey Oryema \u2013 Exile"},"content":{"rendered":"","protected":false},"excerpt":{"rendered":"<p>Levyss\u00e4 sis\u00e4pussin j\u00e4tt\u00e4m\u00e4\u00e4 hiusj\u00e4lke\u00e4\/hankaumaa, mutta soi erinomaisesti.<\/p>\n","protected":false},"featured_media":19220,"template":"","meta":{"_acf_changed":false},"product_brand":[],"product_cat":[137],"product_tag":[],"class_list":{"0":"post-67966","1":"product","2":"type-product","3":"status-publish","4":"has-post-thumbnail","6":"product_cat-world-music-traditional-ethnic-en","7":"pa_formaatti-lp-en","8":"pa_kaytetty-uusi-2nd-hand","10":"first","11":"instock","12":"shipping-taxable","13":"purchasable","14":"product-type-simple"},"acf":[],"_links":{"self":[{"href":"https:\/\/freshgarbage.fi\/en\/wp-json\/wp\/v2\/product\/67966","targetHints":{"allow":["GET"]}}],"collection":[{"href":"https:\/\/freshgarbage.fi\/en\/wp-json\/wp\/v2\/product"}],"about":[{"href":"https:\/\/freshgarbage.fi\/en\/wp-json\/wp\/v2\/types\/product"}],"wp:featuredmedia":[{"embeddable":true,"href":"https:\/\/freshgarbage.fi\/en\/wp-json\/wp\/v2\/media\/19220"}],"wp:attachment":[{"href":"https:\/\/freshgarbage.fi\/en\/wp-json\/wp\/v2\/media?parent=67966"}],"wp:term":[{"taxonomy":"product_brand","embeddable":true,"href":"https:\/\/freshgarbage.fi\/en\/wp-json\/wp\/v2\/product_brand?post=67966"},{"taxonomy":"product_cat","embeddable":true,"href":"https:\/\/freshgarbage.fi\/en\/wp-json\/wp\/v2\/product_cat?post=67966"},{"taxonomy":"product_tag","embeddable":true,"href":"https:\/\/freshgarbage.fi\/en\/wp-json\/wp\/v2\/product_tag?post=67966"}],"curies":[{"name":"wp","href":"https:\/\/api.w.org\/{rel}","templated":true}]}}