{"id":67965,"date":"2025-10-09T15:30:48","date_gmt":"2025-10-09T12:30:48","guid":{"rendered":"https:\/\/freshgarbage.fi\/tuote\/pmmp-leskiaidin-tyttaret\/"},"modified":"2025-10-09T15:30:48","modified_gmt":"2025-10-09T12:30:48","slug":"pmmp-leskiaidin-tyttaret","status":"publish","type":"product","link":"https:\/\/freshgarbage.fi\/en\/product\/pmmp-leskiaidin-tyttaret\/","title":{"rendered":"PMMP \u2013 Leski\u00e4idin Tytt\u00e4ret"},"content":{"rendered":"","protected":false},"excerpt":{"rendered":"<p>PMMP:n klassikko Leski\u00e4idin Tytt\u00e4ret vuodelta 2006 rajoitettuna painoksena kirkkaalla vinyylill\u00e4.<\/p>\n<p>1 Joku Raja<br \/>\n2 Kiitos<br \/>\n3 Kes\u00e4kaverit<br \/>\n4 Henkil\u00f6kohtaisesti<br \/>\n5 Taiteilia<br \/>\n6 P\u00e4\u00e4t soittaa<br \/>\n7 Onko sittenk\u00e4\u00e4n hyv\u00e4 n\u00e4in<br \/>\n8 T\u00e4ss\u00e4 el\u00e4m\u00e4 on<br \/>\n9 Kohkausrock<br \/>\n10 Leski\u00e4idin tytt\u00e4ret<\/p>\n","protected":false},"featured_media":56312,"template":"","meta":{"_acf_changed":false},"product_brand":[],"product_cat":[120,107],"product_tag":[],"class_list":{"0":"post-67965","1":"product","2":"type-product","3":"status-publish","4":"has-post-thumbnail","6":"product_cat-finnish","7":"product_cat-new","8":"pa_formaatti-lp-en","9":"pa_kaytetty-uusi-new","11":"first","12":"instock","13":"taxable","14":"shipping-taxable","15":"purchasable","16":"product-type-simple"},"acf":[],"_links":{"self":[{"href":"https:\/\/freshgarbage.fi\/en\/wp-json\/wp\/v2\/product\/67965","targetHints":{"allow":["GET"]}}],"collection":[{"href":"https:\/\/freshgarbage.fi\/en\/wp-json\/wp\/v2\/product"}],"about":[{"href":"https:\/\/freshgarbage.fi\/en\/wp-json\/wp\/v2\/types\/product"}],"wp:featuredmedia":[{"embeddable":true,"href":"https:\/\/freshgarbage.fi\/en\/wp-json\/wp\/v2\/media\/56312"}],"wp:attachment":[{"href":"https:\/\/freshgarbage.fi\/en\/wp-json\/wp\/v2\/media?parent=67965"}],"wp:term":[{"taxonomy":"product_brand","embeddable":true,"href":"https:\/\/freshgarbage.fi\/en\/wp-json\/wp\/v2\/product_brand?post=67965"},{"taxonomy":"product_cat","embeddable":true,"href":"https:\/\/freshgarbage.fi\/en\/wp-json\/wp\/v2\/product_cat?post=67965"},{"taxonomy":"product_tag","embeddable":true,"href":"https:\/\/freshgarbage.fi\/en\/wp-json\/wp\/v2\/product_tag?post=67965"}],"curies":[{"name":"wp","href":"https:\/\/api.w.org\/{rel}","templated":true}]}}