{"id":67963,"date":"2024-07-12T14:49:40","date_gmt":"2024-07-12T11:49:40","guid":{"rendered":"https:\/\/freshgarbage.fi\/tuote\/onyeka-the-torch-namibia-will-be-free\/"},"modified":"2024-07-12T14:49:40","modified_gmt":"2024-07-12T11:49:40","slug":"onyeka-the-torch-namibia-will-be-free","status":"publish","type":"product","link":"https:\/\/freshgarbage.fi\/en\/product\/onyeka-the-torch-namibia-will-be-free\/","title":{"rendered":"Onyeka The Torch \u2013 Namibia Will Be Free"},"content":{"rendered":"","protected":false},"excerpt":{"rendered":"<p>Etukannen suuaukossa teipinpala ja takakannessa samassa kohdessa teipin j\u00e4tt\u00e4m\u00e4 kevyt j\u00e4lki. Ollut luultavasti sinettiteippi jo ostovaiheessa.<\/p>\n","protected":false},"featured_media":19222,"template":"","meta":{"_acf_changed":false},"product_brand":[],"product_cat":[137],"product_tag":[],"class_list":{"0":"post-67963","1":"product","2":"type-product","3":"status-publish","4":"has-post-thumbnail","6":"product_cat-world-music-traditional-ethnic-en","7":"pa_formaatti-lp-en","8":"pa_kaytetty-uusi-2nd-hand","10":"first","11":"instock","12":"shipping-taxable","13":"purchasable","14":"product-type-simple"},"acf":[],"_links":{"self":[{"href":"https:\/\/freshgarbage.fi\/en\/wp-json\/wp\/v2\/product\/67963","targetHints":{"allow":["GET"]}}],"collection":[{"href":"https:\/\/freshgarbage.fi\/en\/wp-json\/wp\/v2\/product"}],"about":[{"href":"https:\/\/freshgarbage.fi\/en\/wp-json\/wp\/v2\/types\/product"}],"wp:featuredmedia":[{"embeddable":true,"href":"https:\/\/freshgarbage.fi\/en\/wp-json\/wp\/v2\/media\/19222"}],"wp:attachment":[{"href":"https:\/\/freshgarbage.fi\/en\/wp-json\/wp\/v2\/media?parent=67963"}],"wp:term":[{"taxonomy":"product_brand","embeddable":true,"href":"https:\/\/freshgarbage.fi\/en\/wp-json\/wp\/v2\/product_brand?post=67963"},{"taxonomy":"product_cat","embeddable":true,"href":"https:\/\/freshgarbage.fi\/en\/wp-json\/wp\/v2\/product_cat?post=67963"},{"taxonomy":"product_tag","embeddable":true,"href":"https:\/\/freshgarbage.fi\/en\/wp-json\/wp\/v2\/product_tag?post=67963"}],"curies":[{"name":"wp","href":"https:\/\/api.w.org\/{rel}","templated":true}]}}