{"id":67852,"date":"2025-10-23T19:10:05","date_gmt":"2025-10-23T16:10:05","guid":{"rendered":"https:\/\/freshgarbage.fi\/tuote\/neiti-olga-nuku-vain-yon-yli\/"},"modified":"2025-10-23T19:10:05","modified_gmt":"2025-10-23T16:10:05","slug":"neiti-olga-nuku-vain-yon-yli","status":"publish","type":"product","link":"https:\/\/freshgarbage.fi\/en\/product\/neiti-olga-nuku-vain-yon-yli\/","title":{"rendered":"Neiti Olga \u2013 Nuku vain y\u00f6n yli"},"content":{"rendered":"","protected":false},"excerpt":{"rendered":"<p>Neiti Olgan odotettu toinen albumi Nuku vain y\u00f6n yli jatkaa yhtyeelle ominaista sekasorron ja ehdottoman varmuuden nuorallatanssia. Pitk\u00e4\u00e4n ja hartaasti hiotun albumin s\u00e4vyt ovat s\u00e4rmikk\u00e4it\u00e4 ja surussaan kauniita. Roson ja kiihkon taustalla kimmelt\u00e4\u00e4 kuitenkin seesteinen, kuulas rauha.<\/p>\n<p>A<br \/>\n1. Kukka aivoissamme<br \/>\n2. Syttyy palamaan<br \/>\n3. Kaipaanko sinua<br \/>\n4. Uudestaan<br \/>\n5. Ik\u00e4v\u00e4 t\u00e4t\u00e4<\/p>\n<p>B<br \/>\n1. Tulkaa kotiin<br \/>\n2. Kyll\u00e4 jalat kantaa<br \/>\n3. Pelk\u00e4\u00e4n en her\u00e4\u00e4<br \/>\n5. N\u00e4it\u00e4 p\u00e4ivi\u00e4 on viel\u00e4 tultava lis\u00e4\u00e4<\/p>\n<p>https:\/\/www.youtube.com\/watch?v=ebfgxck1ieo<\/p>\n","protected":false},"featured_media":56356,"template":"","meta":{"_acf_changed":false},"product_brand":[],"product_cat":[120,107],"product_tag":[],"class_list":{"0":"post-67852","1":"product","2":"type-product","3":"status-publish","4":"has-post-thumbnail","6":"product_cat-finnish","7":"product_cat-new","8":"pa_formaatti-lp-en","9":"pa_kaytetty-uusi-new","11":"first","12":"instock","13":"taxable","14":"shipping-taxable","15":"purchasable","16":"product-type-simple"},"acf":[],"_links":{"self":[{"href":"https:\/\/freshgarbage.fi\/en\/wp-json\/wp\/v2\/product\/67852","targetHints":{"allow":["GET"]}}],"collection":[{"href":"https:\/\/freshgarbage.fi\/en\/wp-json\/wp\/v2\/product"}],"about":[{"href":"https:\/\/freshgarbage.fi\/en\/wp-json\/wp\/v2\/types\/product"}],"wp:featuredmedia":[{"embeddable":true,"href":"https:\/\/freshgarbage.fi\/en\/wp-json\/wp\/v2\/media\/56356"}],"wp:attachment":[{"href":"https:\/\/freshgarbage.fi\/en\/wp-json\/wp\/v2\/media?parent=67852"}],"wp:term":[{"taxonomy":"product_brand","embeddable":true,"href":"https:\/\/freshgarbage.fi\/en\/wp-json\/wp\/v2\/product_brand?post=67852"},{"taxonomy":"product_cat","embeddable":true,"href":"https:\/\/freshgarbage.fi\/en\/wp-json\/wp\/v2\/product_cat?post=67852"},{"taxonomy":"product_tag","embeddable":true,"href":"https:\/\/freshgarbage.fi\/en\/wp-json\/wp\/v2\/product_tag?post=67852"}],"curies":[{"name":"wp","href":"https:\/\/api.w.org\/{rel}","templated":true}]}}