{"id":67847,"date":"2025-02-24T17:30:20","date_gmt":"2025-02-24T15:30:20","guid":{"rendered":"https:\/\/freshgarbage.fi\/tuote\/reines-dangleterre-les-comores\/"},"modified":"2025-02-24T17:30:20","modified_gmt":"2025-02-24T15:30:20","slug":"reines-dangleterre-les-comores","status":"publish","type":"product","link":"https:\/\/freshgarbage.fi\/en\/product\/reines-dangleterre-les-comores\/","title":{"rendered":"Reines D&#8217;Angleterre \u2013 Les Comores"},"content":{"rendered":"","protected":false},"excerpt":{"rendered":"<p>Gh\u00e9dalia Tazart\u00e8s, Jo Tanz, Laurent G\u00e9rard<\/p>\n<p>Hieman j\u00e4lke\u00e4, jokunen hyvin kevyt taustanapsu.<\/p>\n","protected":false},"featured_media":30623,"template":"","meta":{"_acf_changed":false},"product_brand":[],"product_cat":[126],"product_tag":[],"class_list":{"0":"post-67847","1":"product","2":"type-product","3":"status-publish","4":"has-post-thumbnail","6":"product_cat-experimental-ambient-noise-contemporary-classical","7":"pa_formaatti-lp-en","8":"pa_kaytetty-uusi-2nd-hand","10":"first","11":"instock","12":"shipping-taxable","13":"purchasable","14":"product-type-simple"},"acf":[],"_links":{"self":[{"href":"https:\/\/freshgarbage.fi\/en\/wp-json\/wp\/v2\/product\/67847","targetHints":{"allow":["GET"]}}],"collection":[{"href":"https:\/\/freshgarbage.fi\/en\/wp-json\/wp\/v2\/product"}],"about":[{"href":"https:\/\/freshgarbage.fi\/en\/wp-json\/wp\/v2\/types\/product"}],"wp:featuredmedia":[{"embeddable":true,"href":"https:\/\/freshgarbage.fi\/en\/wp-json\/wp\/v2\/media\/30623"}],"wp:attachment":[{"href":"https:\/\/freshgarbage.fi\/en\/wp-json\/wp\/v2\/media?parent=67847"}],"wp:term":[{"taxonomy":"product_brand","embeddable":true,"href":"https:\/\/freshgarbage.fi\/en\/wp-json\/wp\/v2\/product_brand?post=67847"},{"taxonomy":"product_cat","embeddable":true,"href":"https:\/\/freshgarbage.fi\/en\/wp-json\/wp\/v2\/product_cat?post=67847"},{"taxonomy":"product_tag","embeddable":true,"href":"https:\/\/freshgarbage.fi\/en\/wp-json\/wp\/v2\/product_tag?post=67847"}],"curies":[{"name":"wp","href":"https:\/\/api.w.org\/{rel}","templated":true}]}}