{"id":67842,"date":"2025-02-24T17:30:26","date_gmt":"2025-02-24T15:30:26","guid":{"rendered":"https:\/\/freshgarbage.fi\/tuote\/zach-hill-astrological-straits\/"},"modified":"2025-02-24T17:30:26","modified_gmt":"2025-02-24T15:30:26","slug":"zach-hill-astrological-straits","status":"publish","type":"product","link":"https:\/\/freshgarbage.fi\/en\/product\/zach-hill-astrological-straits\/","title":{"rendered":"Zach Hill \u2013 Astrological Straits"},"content":{"rendered":"","protected":false},"excerpt":{"rendered":"<p>B2:ssa j\u00e4lke\u00e4, josta aivan kappaleen lopussa jokunen r\u00e4psy.<\/p>\n","protected":false},"featured_media":30622,"template":"","meta":{"_acf_changed":false},"product_brand":[],"product_cat":[126],"product_tag":[],"class_list":{"0":"post-67842","1":"product","2":"type-product","3":"status-publish","4":"has-post-thumbnail","6":"product_cat-experimental-ambient-noise-contemporary-classical","7":"pa_formaatti-lp-en","8":"pa_kaytetty-uusi-2nd-hand","10":"first","11":"instock","12":"shipping-taxable","13":"purchasable","14":"product-type-simple"},"acf":[],"_links":{"self":[{"href":"https:\/\/freshgarbage.fi\/en\/wp-json\/wp\/v2\/product\/67842","targetHints":{"allow":["GET"]}}],"collection":[{"href":"https:\/\/freshgarbage.fi\/en\/wp-json\/wp\/v2\/product"}],"about":[{"href":"https:\/\/freshgarbage.fi\/en\/wp-json\/wp\/v2\/types\/product"}],"wp:featuredmedia":[{"embeddable":true,"href":"https:\/\/freshgarbage.fi\/en\/wp-json\/wp\/v2\/media\/30622"}],"wp:attachment":[{"href":"https:\/\/freshgarbage.fi\/en\/wp-json\/wp\/v2\/media?parent=67842"}],"wp:term":[{"taxonomy":"product_brand","embeddable":true,"href":"https:\/\/freshgarbage.fi\/en\/wp-json\/wp\/v2\/product_brand?post=67842"},{"taxonomy":"product_cat","embeddable":true,"href":"https:\/\/freshgarbage.fi\/en\/wp-json\/wp\/v2\/product_cat?post=67842"},{"taxonomy":"product_tag","embeddable":true,"href":"https:\/\/freshgarbage.fi\/en\/wp-json\/wp\/v2\/product_tag?post=67842"}],"curies":[{"name":"wp","href":"https:\/\/api.w.org\/{rel}","templated":true}]}}