{"id":67650,"date":"2025-05-21T13:14:46","date_gmt":"2025-05-21T10:14:46","guid":{"rendered":"https:\/\/freshgarbage.fi\/tuote\/the-fluid-glue\/"},"modified":"2025-05-21T13:14:46","modified_gmt":"2025-05-21T10:14:46","slug":"the-fluid-glue","status":"publish","type":"product","link":"https:\/\/freshgarbage.fi\/en\/product\/the-fluid-glue\/","title":{"rendered":"The Fluid \u2013 Glue"},"content":{"rendered":"","protected":false},"excerpt":{"rendered":"<p>Remasteroitu. Rajoitettu painos hopeanv\u00e4risell\u00e4 levyll\u00e4.<\/p>\n<p>SIs\u00e4lt\u00e4\u00e4 alkuper\u00e4inen EP:n lis\u00e4ksi bonus-biisej\u00e4 samoista \u00e4\u00e4nityksist\u00e4.<\/p>\n<p>A1 Our Love Will Still Be There<br \/>\nA2 Black Glove<br \/>\nA3 Closet Case<br \/>\nA4 Kick Out The Jams<br \/>\nB1 Candy<br \/>\nB2 Pretty Mouse<br \/>\nB3 Wasted Time<br \/>\nB4 Hey 13<\/p>\n","protected":false},"featured_media":34667,"template":"","meta":{"_acf_changed":false},"product_brand":[],"product_cat":[130,107],"product_tag":[],"class_list":{"0":"post-67650","1":"product","2":"type-product","3":"status-publish","4":"has-post-thumbnail","6":"product_cat-alternative-indie-rock","7":"product_cat-new","8":"pa_formaatti-lp-en","9":"pa_kaytetty-uusi-new","11":"first","12":"instock","13":"taxable","14":"shipping-taxable","15":"purchasable","16":"product-type-simple"},"acf":[],"_links":{"self":[{"href":"https:\/\/freshgarbage.fi\/en\/wp-json\/wp\/v2\/product\/67650","targetHints":{"allow":["GET"]}}],"collection":[{"href":"https:\/\/freshgarbage.fi\/en\/wp-json\/wp\/v2\/product"}],"about":[{"href":"https:\/\/freshgarbage.fi\/en\/wp-json\/wp\/v2\/types\/product"}],"wp:featuredmedia":[{"embeddable":true,"href":"https:\/\/freshgarbage.fi\/en\/wp-json\/wp\/v2\/media\/34667"}],"wp:attachment":[{"href":"https:\/\/freshgarbage.fi\/en\/wp-json\/wp\/v2\/media?parent=67650"}],"wp:term":[{"taxonomy":"product_brand","embeddable":true,"href":"https:\/\/freshgarbage.fi\/en\/wp-json\/wp\/v2\/product_brand?post=67650"},{"taxonomy":"product_cat","embeddable":true,"href":"https:\/\/freshgarbage.fi\/en\/wp-json\/wp\/v2\/product_cat?post=67650"},{"taxonomy":"product_tag","embeddable":true,"href":"https:\/\/freshgarbage.fi\/en\/wp-json\/wp\/v2\/product_tag?post=67650"}],"curies":[{"name":"wp","href":"https:\/\/api.w.org\/{rel}","templated":true}]}}