{"id":67646,"date":"2025-05-21T13:14:47","date_gmt":"2025-05-21T10:14:47","guid":{"rendered":"https:\/\/freshgarbage.fi\/tuote\/the-fluid-roadmouth\/"},"modified":"2025-05-21T13:14:47","modified_gmt":"2025-05-21T10:14:47","slug":"the-fluid-roadmouth","status":"publish","type":"product","link":"https:\/\/freshgarbage.fi\/en\/product\/the-fluid-roadmouth\/","title":{"rendered":"The Fluid \u2013 Roadmouth"},"content":{"rendered":"","protected":false},"excerpt":{"rendered":"<p>Remasteroitu. Rajoitettu painos vihre\u00e4ll\u00e4 levyll\u00e4.<\/p>\n<p>A1 Hooked<br \/>\nA2 Human Mill<br \/>\nA3 Big Brother<br \/>\nA4 Girl Bomb<br \/>\nA5 Leave It<br \/>\nA6 Fools Rule<br \/>\nB1 Cop A Plea<br \/>\nB2 Ode To Miss Lodge<br \/>\nB3 Twisted + Pissed<br \/>\nB4 Is It Day?<br \/>\nB5 What Man<\/p>\n","protected":false},"featured_media":34664,"template":"","meta":{"_acf_changed":false},"product_brand":[],"product_cat":[130,107],"product_tag":[],"class_list":{"0":"post-67646","1":"product","2":"type-product","3":"status-publish","4":"has-post-thumbnail","6":"product_cat-alternative-indie-rock","7":"product_cat-new","8":"pa_formaatti-lp-en","9":"pa_kaytetty-uusi-new","11":"first","12":"instock","13":"taxable","14":"shipping-taxable","15":"purchasable","16":"product-type-simple"},"acf":[],"_links":{"self":[{"href":"https:\/\/freshgarbage.fi\/en\/wp-json\/wp\/v2\/product\/67646","targetHints":{"allow":["GET"]}}],"collection":[{"href":"https:\/\/freshgarbage.fi\/en\/wp-json\/wp\/v2\/product"}],"about":[{"href":"https:\/\/freshgarbage.fi\/en\/wp-json\/wp\/v2\/types\/product"}],"wp:featuredmedia":[{"embeddable":true,"href":"https:\/\/freshgarbage.fi\/en\/wp-json\/wp\/v2\/media\/34664"}],"wp:attachment":[{"href":"https:\/\/freshgarbage.fi\/en\/wp-json\/wp\/v2\/media?parent=67646"}],"wp:term":[{"taxonomy":"product_brand","embeddable":true,"href":"https:\/\/freshgarbage.fi\/en\/wp-json\/wp\/v2\/product_brand?post=67646"},{"taxonomy":"product_cat","embeddable":true,"href":"https:\/\/freshgarbage.fi\/en\/wp-json\/wp\/v2\/product_cat?post=67646"},{"taxonomy":"product_tag","embeddable":true,"href":"https:\/\/freshgarbage.fi\/en\/wp-json\/wp\/v2\/product_tag?post=67646"}],"curies":[{"name":"wp","href":"https:\/\/api.w.org\/{rel}","templated":true}]}}