{"id":67490,"date":"2026-02-20T11:45:45","date_gmt":"2026-02-20T09:45:45","guid":{"rendered":"https:\/\/freshgarbage.fi\/tuote\/hurriganes-sixteen-golden-greats\/"},"modified":"2026-02-21T09:59:31","modified_gmt":"2026-02-21T07:59:31","slug":"hurriganes-sixteen-golden-greats","status":"publish","type":"product","link":"https:\/\/freshgarbage.fi\/en\/product\/hurriganes-sixteen-golden-greats\/","title":{"rendered":"Hurriganes \u2013 Sixteen Golden Greats"},"content":{"rendered":"","protected":false},"excerpt":{"rendered":"<p>Ensimm\u00e4inen painos.<\/p>\n<p>Levyss\u00e4 pintaj\u00e4lke\u00e4, mutta soi ilman suurempia ongelmia. Kevytt\u00e4 ripsett\u00e4 voi esiinty\u00e4 hiljaisemmisssa kohdissa. Kansissa kulumaa l\u00e4hinn\u00e4 reunoissa, mutta muuten ehj\u00e4t.<\/p>\n","protected":false},"featured_media":82092,"template":"","meta":{"_acf_changed":false},"product_brand":[],"product_cat":[120],"product_tag":[],"class_list":{"0":"post-67490","1":"product","2":"type-product","3":"status-publish","4":"has-post-thumbnail","6":"product_cat-finnish","7":"pa_formaatti-lp-en","8":"pa_kaytetty-uusi-2nd-hand","10":"first","11":"instock","12":"shipping-taxable","13":"purchasable","14":"product-type-simple"},"acf":[],"_links":{"self":[{"href":"https:\/\/freshgarbage.fi\/en\/wp-json\/wp\/v2\/product\/67490","targetHints":{"allow":["GET"]}}],"collection":[{"href":"https:\/\/freshgarbage.fi\/en\/wp-json\/wp\/v2\/product"}],"about":[{"href":"https:\/\/freshgarbage.fi\/en\/wp-json\/wp\/v2\/types\/product"}],"wp:featuredmedia":[{"embeddable":true,"href":"https:\/\/freshgarbage.fi\/en\/wp-json\/wp\/v2\/media\/82092"}],"wp:attachment":[{"href":"https:\/\/freshgarbage.fi\/en\/wp-json\/wp\/v2\/media?parent=67490"}],"wp:term":[{"taxonomy":"product_brand","embeddable":true,"href":"https:\/\/freshgarbage.fi\/en\/wp-json\/wp\/v2\/product_brand?post=67490"},{"taxonomy":"product_cat","embeddable":true,"href":"https:\/\/freshgarbage.fi\/en\/wp-json\/wp\/v2\/product_cat?post=67490"},{"taxonomy":"product_tag","embeddable":true,"href":"https:\/\/freshgarbage.fi\/en\/wp-json\/wp\/v2\/product_tag?post=67490"}],"curies":[{"name":"wp","href":"https:\/\/api.w.org\/{rel}","templated":true}]}}