{"id":67483,"date":"2025-12-12T11:45:24","date_gmt":"2025-12-12T09:45:24","guid":{"rendered":"https:\/\/freshgarbage.fi\/tuote\/the-bad-ass-brass-band-tottoroo\/"},"modified":"2025-12-12T11:45:24","modified_gmt":"2025-12-12T09:45:24","slug":"the-bad-ass-brass-band-tottoroo","status":"publish","type":"product","link":"https:\/\/freshgarbage.fi\/en\/product\/the-bad-ass-brass-band-tottoroo\/","title":{"rendered":"The Bad Ass Brass Band \u2013 T\u00f6tt\u00f6r\u00f6\u00f6!"},"content":{"rendered":"","protected":false},"excerpt":{"rendered":"<p>Avaamaton.<\/p>\n","protected":false},"featured_media":61579,"template":"","meta":{"_acf_changed":false},"product_brand":[],"product_cat":[120],"product_tag":[],"class_list":{"0":"post-67483","1":"product","2":"type-product","3":"status-publish","4":"has-post-thumbnail","6":"product_cat-finnish","7":"pa_formaatti-lp-en","8":"pa_kaytetty-uusi-2nd-hand","10":"first","11":"instock","12":"shipping-taxable","13":"purchasable","14":"product-type-simple"},"acf":[],"_links":{"self":[{"href":"https:\/\/freshgarbage.fi\/en\/wp-json\/wp\/v2\/product\/67483","targetHints":{"allow":["GET"]}}],"collection":[{"href":"https:\/\/freshgarbage.fi\/en\/wp-json\/wp\/v2\/product"}],"about":[{"href":"https:\/\/freshgarbage.fi\/en\/wp-json\/wp\/v2\/types\/product"}],"wp:featuredmedia":[{"embeddable":true,"href":"https:\/\/freshgarbage.fi\/en\/wp-json\/wp\/v2\/media\/61579"}],"wp:attachment":[{"href":"https:\/\/freshgarbage.fi\/en\/wp-json\/wp\/v2\/media?parent=67483"}],"wp:term":[{"taxonomy":"product_brand","embeddable":true,"href":"https:\/\/freshgarbage.fi\/en\/wp-json\/wp\/v2\/product_brand?post=67483"},{"taxonomy":"product_cat","embeddable":true,"href":"https:\/\/freshgarbage.fi\/en\/wp-json\/wp\/v2\/product_cat?post=67483"},{"taxonomy":"product_tag","embeddable":true,"href":"https:\/\/freshgarbage.fi\/en\/wp-json\/wp\/v2\/product_tag?post=67483"}],"curies":[{"name":"wp","href":"https:\/\/api.w.org\/{rel}","templated":true}]}}