{"id":67469,"date":"2025-12-15T11:45:12","date_gmt":"2025-12-15T09:45:12","guid":{"rendered":"https:\/\/freshgarbage.fi\/tuote\/seija-simola-aranjuez-mon-amour-nakemiin\/"},"modified":"2025-12-15T11:45:12","modified_gmt":"2025-12-15T09:45:12","slug":"seija-simola-aranjuez-mon-amour-nakemiin","status":"publish","type":"product","link":"https:\/\/freshgarbage.fi\/en\/product\/seija-simola-aranjuez-mon-amour-nakemiin\/","title":{"rendered":"Seija Simola \u2013 Aranjuez Mon Amour &#8211; N\u00e4kemiin"},"content":{"rendered":"","protected":false},"excerpt":{"rendered":"<p>Alkuper\u00e4inen painos.<\/p>\n<p>Levy aika siistin n\u00e4k\u00f6inen, mutta ensimm\u00e4isen kappaleen aivan alussa jonkin aikaa kevytt\u00e4 napsua. Lis\u00e4ksi pari yksitt\u00e4ist\u00e4 my\u00f6hemmin. Levy my\u00f6s aivan hitusen kiero, mutta sill\u00e4 ei ole vaikutusta toistoon. Kannen p\u00e4\u00e4tysaumassa halkeama, mutta ei puhki. Yksi kulma my\u00f6s lytyss\u00e4.<\/p>\n","protected":false},"featured_media":61817,"template":"","meta":{"_acf_changed":false},"product_brand":[],"product_cat":[120],"product_tag":[],"class_list":{"0":"post-67469","1":"product","2":"type-product","3":"status-publish","4":"has-post-thumbnail","6":"product_cat-finnish","7":"pa_formaatti-lp-en","8":"pa_kaytetty-uusi-2nd-hand","10":"first","11":"instock","12":"shipping-taxable","13":"purchasable","14":"product-type-simple"},"acf":[],"_links":{"self":[{"href":"https:\/\/freshgarbage.fi\/en\/wp-json\/wp\/v2\/product\/67469","targetHints":{"allow":["GET"]}}],"collection":[{"href":"https:\/\/freshgarbage.fi\/en\/wp-json\/wp\/v2\/product"}],"about":[{"href":"https:\/\/freshgarbage.fi\/en\/wp-json\/wp\/v2\/types\/product"}],"wp:featuredmedia":[{"embeddable":true,"href":"https:\/\/freshgarbage.fi\/en\/wp-json\/wp\/v2\/media\/61817"}],"wp:attachment":[{"href":"https:\/\/freshgarbage.fi\/en\/wp-json\/wp\/v2\/media?parent=67469"}],"wp:term":[{"taxonomy":"product_brand","embeddable":true,"href":"https:\/\/freshgarbage.fi\/en\/wp-json\/wp\/v2\/product_brand?post=67469"},{"taxonomy":"product_cat","embeddable":true,"href":"https:\/\/freshgarbage.fi\/en\/wp-json\/wp\/v2\/product_cat?post=67469"},{"taxonomy":"product_tag","embeddable":true,"href":"https:\/\/freshgarbage.fi\/en\/wp-json\/wp\/v2\/product_tag?post=67469"}],"curies":[{"name":"wp","href":"https:\/\/api.w.org\/{rel}","templated":true}]}}