{"id":67453,"date":"2025-12-15T11:45:21","date_gmt":"2025-12-15T09:45:21","guid":{"rendered":"https:\/\/freshgarbage.fi\/tuote\/jaska-salmi-kumppanit-maaginen-matka\/"},"modified":"2025-12-15T11:45:21","modified_gmt":"2025-12-15T09:45:21","slug":"jaska-salmi-kumppanit-maaginen-matka","status":"publish","type":"product","link":"https:\/\/freshgarbage.fi\/en\/product\/jaska-salmi-kumppanit-maaginen-matka\/","title":{"rendered":"Jaska Salmi &#038; Kumppanit \u2013 Maaginen Matka"},"content":{"rendered":"","protected":false},"excerpt":{"rendered":"<p>Alkuper\u00e4inen ja ainoa painos.<\/p>\n<p>B\u00e4ndiss\u00e4 mukana Matti J\u00e4rvinen.<\/p>\n","protected":false},"featured_media":61823,"template":"","meta":{"_acf_changed":false},"product_brand":[],"product_cat":[120],"product_tag":[],"class_list":{"0":"post-67453","1":"product","2":"type-product","3":"status-publish","4":"has-post-thumbnail","6":"product_cat-finnish","7":"pa_formaatti-lp-en","8":"pa_kaytetty-uusi-2nd-hand","10":"first","11":"instock","12":"shipping-taxable","13":"purchasable","14":"product-type-simple"},"acf":[],"_links":{"self":[{"href":"https:\/\/freshgarbage.fi\/en\/wp-json\/wp\/v2\/product\/67453","targetHints":{"allow":["GET"]}}],"collection":[{"href":"https:\/\/freshgarbage.fi\/en\/wp-json\/wp\/v2\/product"}],"about":[{"href":"https:\/\/freshgarbage.fi\/en\/wp-json\/wp\/v2\/types\/product"}],"wp:featuredmedia":[{"embeddable":true,"href":"https:\/\/freshgarbage.fi\/en\/wp-json\/wp\/v2\/media\/61823"}],"wp:attachment":[{"href":"https:\/\/freshgarbage.fi\/en\/wp-json\/wp\/v2\/media?parent=67453"}],"wp:term":[{"taxonomy":"product_brand","embeddable":true,"href":"https:\/\/freshgarbage.fi\/en\/wp-json\/wp\/v2\/product_brand?post=67453"},{"taxonomy":"product_cat","embeddable":true,"href":"https:\/\/freshgarbage.fi\/en\/wp-json\/wp\/v2\/product_cat?post=67453"},{"taxonomy":"product_tag","embeddable":true,"href":"https:\/\/freshgarbage.fi\/en\/wp-json\/wp\/v2\/product_tag?post=67453"}],"curies":[{"name":"wp","href":"https:\/\/api.w.org\/{rel}","templated":true}]}}