{"id":67450,"date":"2025-12-15T11:45:25","date_gmt":"2025-12-15T09:45:25","guid":{"rendered":"https:\/\/freshgarbage.fi\/tuote\/eero-ja-jussi-the-boys-singlet-1964-68\/"},"modified":"2025-12-15T11:45:25","modified_gmt":"2025-12-15T09:45:25","slug":"eero-ja-jussi-the-boys-singlet-1964-68","status":"publish","type":"product","link":"https:\/\/freshgarbage.fi\/en\/product\/eero-ja-jussi-the-boys-singlet-1964-68\/","title":{"rendered":"Eero Ja Jussi &#038; The Boys \u2013 Singlet 1964-68"},"content":{"rendered":"","protected":false},"excerpt":{"rendered":"<p>Alkuper\u00e4inen ja ainoa vinyylipainos. Pari harmitonta pintaj\u00e4lke\u00e4. Liite tallessa.<\/p>\n<p>A1 Eero Ja Jussi &amp; The Boys \u2013 Kaikki Rakkauteni = All My Loving 2:50<br \/>\nA2 Eero Ja Jussi &amp; The Boys \u2013 Salaisuuteni = Do You Want To Know A Secret 2:21<br \/>\nA3 Eero &amp; The Boys \u2013 Route 66 2:15<br \/>\nA4 Eero Ja Jussi &amp; The Boys \u2013 So Glad You&#8217;re Mine 1:40<br \/>\nA5 Eero Ja Jussi &amp; The Boys \u2013 Kaunis Nainen = Oh, Pretty Woman 2:45<br \/>\nA6 Eero Ja Jussi &amp; The Boys \u2013 The Enchanted Sea = Lumottu Meri 1:50<br \/>\nA7 Eero Ja Jussi &amp; The Boys \u2013 Tahdon Saaren 2:45<br \/>\nA8 Eero Ja Jussi Ja Rauno Lehtisen Orkesteri \u2013 Juna On Mennyt 2:43<br \/>\nA9 Eero Ja Jussi &amp; The Boys \u2013 Let&#8217;s Go 3:05<br \/>\nB1 Eero Ja Jussi &amp; The Boys \u2013 Liisan Koira = Walkin&#8217; The Dog 3:40<br \/>\nB2 Eero Ja Jussi &amp; The Boys \u2013 That Lucky Old Sun 3:20<br \/>\nB3 Eero Ja Jussi &amp; The Boys \u2013 Hello Josephine 2:10<br \/>\nB4 Eero Ja Jussi &amp; The Boys \u2013 Tuuli Kuiskaa Vain = Catch The Wind 2:43<br \/>\nB5 Eero Ja Jussi &amp; The Boys \u2013 Tyytym\u00e4t\u00f6n = Satisfaction 2:47<br \/>\nB6 Eero &amp; The Boys \u2013 Sin\u00e4 Vain = You&#8217;re The One 2:18<br \/>\nB7 Eero &amp; The Boys \u2013 Norjan Puu = Norwegian Wood 2:07<br \/>\nB8 Eero Ja Jussi &amp; The Boys \u2013 Salainen Rakkaus = Secret Love 2:45<br \/>\nB9 Eero Ja Jussi &amp; The Boys \u2013 Ronski Antti 2:11<\/p>\n<p>C1 Eero Ja Jussi &amp; The Boys \u2013 Balladi Kanuunasta 2:01<br \/>\nC2 Eero Ja Jussi &amp; The Boys \u2013 Tummanpunainen = Candy Apple Red 3:11<br \/>\nC3 Eero Ja Jussi &amp; Ensio Kostan Orkesteri \u2013 Preerian Jouluy\u00f6 3:34<br \/>\nC4 Jussi &amp; The Boys \u2013 Nyyhkytango 2:30<br \/>\nC5 Jussi &amp; The Boys \u2013 Opettaja Raittinen 2:13<br \/>\nC6 Eero &amp; Esa Pethmanin Orkesteri \u2013 Lontoo = London 2:52<br \/>\nC7 Eero &amp; Esa Pethmanin Orkesteri \u2013 Tyhj\u00e4\u00e4&#8230; = Young Men, Hear Me 1:50<br \/>\nC8 Eero Ja Jussi &amp; The Boys \u2013 Take It Easy (Nice N&#8217; Easy) 2:27<br \/>\nC9 Eero Ja Jussi &amp; The Boys \u2013 Kaipaan Sua 2:50<br \/>\nD1 Eero Ja Jussi &amp; The Boys \u2013 Ei Aika Mennyt Koskaan Palaa 2:48<br \/>\nD2 Eero Ja Jussi &amp; The Boys \u2013 H\u00e4meentien Ynn\u00e4 Liitosalueiden Yhdistyneet Pihasoittajat = I Was Kaiser Bill&#8217;s Batman 3:02<br \/>\nD3 Eero Ja Jussi &amp; The Boys \u2013 Ukkopekka-Uu-Uu = Chattanooga Choo Choo 2:25<br \/>\nD4 Eero Ja Jussi &amp; The Boys \u2013 Liian Hauska Mies 3:48<br \/>\nD5 Eero &amp; Mats Olssonin Orkesteri \u2013 Rakkaudelta N\u00e4ytt\u00e4\u00e4, Hitto Vie = Det B\u00f6rjar Verka K\u00e4rlek, Banne Mej 2:40<br \/>\nD6 Eero &amp; Mats Olssonin Kuoro Ja Orkesteri \u2013 Vanha Holvikirkko = M\u00e4lar\u00f6kyrka 2:35<br \/>\nD7 Eero &amp; The Boys \u2013 Fine And Mellow 3:40<br \/>\nD8 Eero &amp; The Boys \u2013 I Was Made To Love Her 3:02<\/p>\n","protected":false},"featured_media":61799,"template":"","meta":{"_acf_changed":false},"product_brand":[],"product_cat":[120],"product_tag":[],"class_list":{"0":"post-67450","1":"product","2":"type-product","3":"status-publish","4":"has-post-thumbnail","6":"product_cat-finnish","7":"pa_formaatti-lp-en","8":"pa_kaytetty-uusi-2nd-hand","10":"first","11":"instock","12":"shipping-taxable","13":"purchasable","14":"product-type-simple"},"acf":[],"_links":{"self":[{"href":"https:\/\/freshgarbage.fi\/en\/wp-json\/wp\/v2\/product\/67450","targetHints":{"allow":["GET"]}}],"collection":[{"href":"https:\/\/freshgarbage.fi\/en\/wp-json\/wp\/v2\/product"}],"about":[{"href":"https:\/\/freshgarbage.fi\/en\/wp-json\/wp\/v2\/types\/product"}],"wp:featuredmedia":[{"embeddable":true,"href":"https:\/\/freshgarbage.fi\/en\/wp-json\/wp\/v2\/media\/61799"}],"wp:attachment":[{"href":"https:\/\/freshgarbage.fi\/en\/wp-json\/wp\/v2\/media?parent=67450"}],"wp:term":[{"taxonomy":"product_brand","embeddable":true,"href":"https:\/\/freshgarbage.fi\/en\/wp-json\/wp\/v2\/product_brand?post=67450"},{"taxonomy":"product_cat","embeddable":true,"href":"https:\/\/freshgarbage.fi\/en\/wp-json\/wp\/v2\/product_cat?post=67450"},{"taxonomy":"product_tag","embeddable":true,"href":"https:\/\/freshgarbage.fi\/en\/wp-json\/wp\/v2\/product_tag?post=67450"}],"curies":[{"name":"wp","href":"https:\/\/api.w.org\/{rel}","templated":true}]}}