{"id":67443,"date":"2025-12-15T11:45:29","date_gmt":"2025-12-15T09:45:29","guid":{"rendered":"https:\/\/freshgarbage.fi\/tuote\/agents-jorma-kaariainen-agents-jorma-kaariainen-is-rock-vol-1\/"},"modified":"2025-12-15T11:45:29","modified_gmt":"2025-12-15T09:45:29","slug":"agents-jorma-kaariainen-agents-jorma-kaariainen-is-rock-vol-1","status":"publish","type":"product","link":"https:\/\/freshgarbage.fi\/en\/product\/agents-jorma-kaariainen-agents-jorma-kaariainen-is-rock-vol-1\/","title":{"rendered":"Agents &#038; Jorma K\u00e4\u00e4ri\u00e4inen \u2013 Agents &#038; Jorma K\u00e4\u00e4ri\u00e4inen Is&#8230; Rock! Vol. 1"},"content":{"rendered":"","protected":false},"excerpt":{"rendered":"<p>Alkuper\u00e4inen painos.<\/p>\n<p>Kannessa taitos ja hieman reunakulumaa. Levyss\u00e4 jokunen j\u00e4lki. A3:ssa napsua puoli kappaletta, B8:ssa my\u00f6s kevytt\u00e4 napsua. Muilta osin soi hyvin.<\/p>\n","protected":false},"featured_media":61735,"template":"","meta":{"_acf_changed":false},"product_brand":[],"product_cat":[120],"product_tag":[],"class_list":{"0":"post-67443","1":"product","2":"type-product","3":"status-publish","4":"has-post-thumbnail","6":"product_cat-finnish","7":"pa_formaatti-lp-en","8":"pa_kaytetty-uusi-2nd-hand","10":"first","11":"instock","12":"shipping-taxable","13":"purchasable","14":"product-type-simple"},"acf":[],"_links":{"self":[{"href":"https:\/\/freshgarbage.fi\/en\/wp-json\/wp\/v2\/product\/67443","targetHints":{"allow":["GET"]}}],"collection":[{"href":"https:\/\/freshgarbage.fi\/en\/wp-json\/wp\/v2\/product"}],"about":[{"href":"https:\/\/freshgarbage.fi\/en\/wp-json\/wp\/v2\/types\/product"}],"wp:featuredmedia":[{"embeddable":true,"href":"https:\/\/freshgarbage.fi\/en\/wp-json\/wp\/v2\/media\/61735"}],"wp:attachment":[{"href":"https:\/\/freshgarbage.fi\/en\/wp-json\/wp\/v2\/media?parent=67443"}],"wp:term":[{"taxonomy":"product_brand","embeddable":true,"href":"https:\/\/freshgarbage.fi\/en\/wp-json\/wp\/v2\/product_brand?post=67443"},{"taxonomy":"product_cat","embeddable":true,"href":"https:\/\/freshgarbage.fi\/en\/wp-json\/wp\/v2\/product_cat?post=67443"},{"taxonomy":"product_tag","embeddable":true,"href":"https:\/\/freshgarbage.fi\/en\/wp-json\/wp\/v2\/product_tag?post=67443"}],"curies":[{"name":"wp","href":"https:\/\/api.w.org\/{rel}","templated":true}]}}