{"id":67438,"date":"2025-12-15T11:45:34","date_gmt":"2025-12-15T09:45:34","guid":{"rendered":"https:\/\/freshgarbage.fi\/tuote\/various-finnish-graffiti-rautalankaa-ja-beat-musiikkia-1961-65\/"},"modified":"2025-12-15T11:45:34","modified_gmt":"2025-12-15T09:45:34","slug":"various-finnish-graffiti-rautalankaa-ja-beat-musiikkia-1961-65","status":"publish","type":"product","link":"https:\/\/freshgarbage.fi\/en\/product\/various-finnish-graffiti-rautalankaa-ja-beat-musiikkia-1961-65\/","title":{"rendered":"Various \u2013 Finnish Graffiti &#8211; Rautalankaa Ja Beat-musiikkia 1961-65"},"content":{"rendered":"","protected":false},"excerpt":{"rendered":"<p>2LP. Alkuper\u00e4inen ja ainoa vinyylipainos.<\/p>\n<p>Gatefold-kansien molemmissa yl\u00e4saumoissa suht isot, mutta siistit seam splitit.<\/p>\n<p>A1 The Feenades\u2013\u00a0 Theme From Leningrad 1:55<br \/>\nA2 The Sounds \u2013 Emma 2:15<br \/>\nA3 The Strangers \u2013 Kolme Kitaraa 2:37<br \/>\nA4 Esquires \u2013 Juokse Sin\u00e4 Humma 2:34<br \/>\nA5 The Adventurers \u2013 The Wind (Tuuli Tuo, Tuuli Vie) 2:33<br \/>\nA6 The Avengers \u2013 Taikay\u00f6 2:30<br \/>\nA7 The Savages \u2013 Dill Pickle Rag 2:32<br \/>\nA8 The Avengers \u2013 Juoksuhauta Twist (El\u00e4m\u00e4\u00e4 Juoksuhaudoissa) 1:55<br \/>\nB1 The Strangers \u2013 Castle Mood 2:47<br \/>\nB2 The Blazers \u2013 Old Scars 2:13<br \/>\nB3 The Adventurers \u2013 Kukkuva Kitara 2:05<br \/>\nB4 The Esquires \u2013 Mustalainen 2:18<br \/>\nB5 The Esquires \u2013 Muista Minua 2:25<br \/>\nB6 The Strings \u2013 Heili Karjalasta 2:33<br \/>\nB7 The Sounds \u2013 Yksin\u00e4inen Kitara (Lonely Guitar) 2:15<br \/>\nB8 The Sounds \u2013 Roll Over Bach 2:05<\/p>\n<p>C1 Timo J\u00e4msen &amp; The Strangers \u2013 Yyterin Twist (Twist A Saint Tropez) 1:45<br \/>\nC2 Jan Rohde &amp; The Adventurers \u2013 Doin&#8217; The Jenka 1:42<br \/>\nC3 The Sounds \u2013 Kaipaan Sua 2:30<br \/>\nC4 Danny &amp; The Islanders \u2013 East Virginia 2:23<br \/>\nC5 Lasse M\u00e5rtenson &amp; The Esquires \u2013 Nousevan Auringon Talo (The House Of The Rising Sun) 4:15<br \/>\nC6 Andy, The Islanders \u2013 Farmer John 2:12<br \/>\nC7 The Esquires \u2013 Maailma Ilman Rakkautta (A World Without Love) 2:45<br \/>\nC8 Lenne &amp; The Lee Kings \u2013 Stop The Music 2:50<br \/>\nD1 Eero &amp; Jussi &amp; The Boys \u2013 Route 66 2:11<br \/>\nD2 Eddy &amp; The Lightnings \u2013 Olet Paha (You&#8217;re No Good) 2:12<br \/>\nD3 The Renegades \u2013 Cadillac 2:40<br \/>\nD4 Eero &amp; Jussi \u2013 Kaunis Nainen (Pretty Woman) 2:42<br \/>\nD5 Ann-Christine &amp; The Islanders \u2013 Never Gonna Work 2:40<br \/>\nD6 The Roosters \u2013 Dona, Dona 2:25<br \/>\nD7 The Roosters \u2013 Bella 3:00<br \/>\nD8 Johnny &amp; The Sounds \u2013 \u00d6isin Vain Valvon (Tossing And Turning) 2:15<\/p>\n","protected":false},"featured_media":61731,"template":"","meta":{"_acf_changed":false},"product_brand":[],"product_cat":[120],"product_tag":[],"class_list":{"0":"post-67438","1":"product","2":"type-product","3":"status-publish","4":"has-post-thumbnail","6":"product_cat-finnish","7":"pa_formaatti-lp-en","8":"pa_kaytetty-uusi-2nd-hand","10":"first","11":"instock","12":"shipping-taxable","13":"purchasable","14":"product-type-simple"},"acf":[],"_links":{"self":[{"href":"https:\/\/freshgarbage.fi\/en\/wp-json\/wp\/v2\/product\/67438","targetHints":{"allow":["GET"]}}],"collection":[{"href":"https:\/\/freshgarbage.fi\/en\/wp-json\/wp\/v2\/product"}],"about":[{"href":"https:\/\/freshgarbage.fi\/en\/wp-json\/wp\/v2\/types\/product"}],"wp:featuredmedia":[{"embeddable":true,"href":"https:\/\/freshgarbage.fi\/en\/wp-json\/wp\/v2\/media\/61731"}],"wp:attachment":[{"href":"https:\/\/freshgarbage.fi\/en\/wp-json\/wp\/v2\/media?parent=67438"}],"wp:term":[{"taxonomy":"product_brand","embeddable":true,"href":"https:\/\/freshgarbage.fi\/en\/wp-json\/wp\/v2\/product_brand?post=67438"},{"taxonomy":"product_cat","embeddable":true,"href":"https:\/\/freshgarbage.fi\/en\/wp-json\/wp\/v2\/product_cat?post=67438"},{"taxonomy":"product_tag","embeddable":true,"href":"https:\/\/freshgarbage.fi\/en\/wp-json\/wp\/v2\/product_tag?post=67438"}],"curies":[{"name":"wp","href":"https:\/\/api.w.org\/{rel}","templated":true}]}}