{"id":67417,"date":"2025-10-22T18:00:33","date_gmt":"2025-10-22T15:00:33","guid":{"rendered":"https:\/\/freshgarbage.fi\/tuote\/pekka-toivonen-ensemble-in-the-bottom-of-the-ancient-ocean\/"},"modified":"2025-10-22T18:00:33","modified_gmt":"2025-10-22T15:00:33","slug":"pekka-toivonen-ensemble-in-the-bottom-of-the-ancient-ocean","status":"publish","type":"product","link":"https:\/\/freshgarbage.fi\/en\/product\/pekka-toivonen-ensemble-in-the-bottom-of-the-ancient-ocean\/","title":{"rendered":"Pekka Toivonen Ensemble \u2013 In The Bottom of The Ancient Ocean"},"content":{"rendered":"","protected":false},"excerpt":{"rendered":"<p>Kannen yl\u00e4saumassa pieni seam split. Lis\u00e4ksi kevytt\u00e4 taitosta.<\/p>\n","protected":false},"featured_media":57532,"template":"","meta":{"_acf_changed":false},"product_brand":[],"product_cat":[120,122],"product_tag":[],"class_list":{"0":"post-67417","1":"product","2":"type-product","3":"status-publish","4":"has-post-thumbnail","6":"product_cat-finnish","7":"product_cat-jazz-fusion-en","8":"pa_formaatti-lp-en","9":"pa_kaytetty-uusi-2nd-hand","11":"first","12":"instock","13":"shipping-taxable","14":"purchasable","15":"product-type-simple"},"acf":[],"_links":{"self":[{"href":"https:\/\/freshgarbage.fi\/en\/wp-json\/wp\/v2\/product\/67417","targetHints":{"allow":["GET"]}}],"collection":[{"href":"https:\/\/freshgarbage.fi\/en\/wp-json\/wp\/v2\/product"}],"about":[{"href":"https:\/\/freshgarbage.fi\/en\/wp-json\/wp\/v2\/types\/product"}],"wp:featuredmedia":[{"embeddable":true,"href":"https:\/\/freshgarbage.fi\/en\/wp-json\/wp\/v2\/media\/57532"}],"wp:attachment":[{"href":"https:\/\/freshgarbage.fi\/en\/wp-json\/wp\/v2\/media?parent=67417"}],"wp:term":[{"taxonomy":"product_brand","embeddable":true,"href":"https:\/\/freshgarbage.fi\/en\/wp-json\/wp\/v2\/product_brand?post=67417"},{"taxonomy":"product_cat","embeddable":true,"href":"https:\/\/freshgarbage.fi\/en\/wp-json\/wp\/v2\/product_cat?post=67417"},{"taxonomy":"product_tag","embeddable":true,"href":"https:\/\/freshgarbage.fi\/en\/wp-json\/wp\/v2\/product_tag?post=67417"}],"curies":[{"name":"wp","href":"https:\/\/api.w.org\/{rel}","templated":true}]}}