{"id":67403,"date":"2025-10-22T18:00:41","date_gmt":"2025-10-22T15:00:41","guid":{"rendered":"https:\/\/freshgarbage.fi\/tuote\/various-free-jazz-no-1\/"},"modified":"2026-01-13T23:16:52","modified_gmt":"2026-01-13T21:16:52","slug":"various-free-jazz-no-1","status":"publish","type":"product","link":"https:\/\/freshgarbage.fi\/en\/product\/various-free-jazz-no-1\/","title":{"rendered":"Various \u2013 Free Jazz No. 1"},"content":{"rendered":"","protected":false},"excerpt":{"rendered":"<p>Alkuper\u00e4inen ja ainoa painos.<\/p>\n<p>Levyss\u00e4 pari hentoa j\u00e4lke\u00e4, soi hienosti. Takakannen puolella suuaukossa noin viiden sentin repe\u00e4m\u00e4.<\/p>\n<p>A1 Archie Shepp \u2013 Touareg<br \/>\nA2 Jimmy Lyons \u2013 My You<br \/>\nB1 Paul Bley \u2013 Ramblin&#8217;<br \/>\nB2 Sunny Murray \u2013 Invisible Blues<br \/>\nB3 Grachan Moncur III \u2013 Ponte Io<\/p>\n","protected":false},"featured_media":57591,"template":"","meta":{"_acf_changed":false},"product_brand":[],"product_cat":[122],"product_tag":[],"class_list":{"0":"post-67403","1":"product","2":"type-product","3":"status-publish","4":"has-post-thumbnail","6":"product_cat-jazz-fusion-en","7":"pa_formaatti-lp-en","8":"pa_kaytetty-uusi-2nd-hand","10":"first","11":"outofstock","12":"shipping-taxable","13":"purchasable","14":"product-type-simple"},"acf":[],"_links":{"self":[{"href":"https:\/\/freshgarbage.fi\/en\/wp-json\/wp\/v2\/product\/67403","targetHints":{"allow":["GET"]}}],"collection":[{"href":"https:\/\/freshgarbage.fi\/en\/wp-json\/wp\/v2\/product"}],"about":[{"href":"https:\/\/freshgarbage.fi\/en\/wp-json\/wp\/v2\/types\/product"}],"wp:featuredmedia":[{"embeddable":true,"href":"https:\/\/freshgarbage.fi\/en\/wp-json\/wp\/v2\/media\/57591"}],"wp:attachment":[{"href":"https:\/\/freshgarbage.fi\/en\/wp-json\/wp\/v2\/media?parent=67403"}],"wp:term":[{"taxonomy":"product_brand","embeddable":true,"href":"https:\/\/freshgarbage.fi\/en\/wp-json\/wp\/v2\/product_brand?post=67403"},{"taxonomy":"product_cat","embeddable":true,"href":"https:\/\/freshgarbage.fi\/en\/wp-json\/wp\/v2\/product_cat?post=67403"},{"taxonomy":"product_tag","embeddable":true,"href":"https:\/\/freshgarbage.fi\/en\/wp-json\/wp\/v2\/product_tag?post=67403"}],"curies":[{"name":"wp","href":"https:\/\/api.w.org\/{rel}","templated":true}]}}