{"id":67393,"date":"2025-12-17T11:45:48","date_gmt":"2025-12-17T09:45:48","guid":{"rendered":"https:\/\/freshgarbage.fi\/tuote\/irwin-goodman-irwin-goodman\/"},"modified":"2025-12-17T11:45:48","modified_gmt":"2025-12-17T09:45:48","slug":"irwin-goodman-irwin-goodman","status":"publish","type":"product","link":"https:\/\/freshgarbage.fi\/en\/product\/irwin-goodman-irwin-goodman\/","title":{"rendered":"Irwin Goodman \u2013 Irwin Goodman"},"content":{"rendered":"","protected":false},"excerpt":{"rendered":"<p>Alkuper\u00e4inen painos. T\u00e4ss\u00e4 versiossa kappaleiden nimet sek\u00e4 Teosto-teksti etiketin liilassa osassa.<\/p>\n<p>Levyss\u00e4 vain heiver\u00f6ist\u00e4 hankaumaa, soi EX-. Takakannen suuaukossa noin puolen sentin repe\u00e4m\u00e4. Muuten my\u00f6s kannet harvinaisen siistiss\u00e4 kunnossa.<\/p>\n","protected":false},"featured_media":61929,"template":"","meta":{"_acf_changed":false},"product_brand":[],"product_cat":[120],"product_tag":[],"class_list":{"0":"post-67393","1":"product","2":"type-product","3":"status-publish","4":"has-post-thumbnail","6":"product_cat-finnish","7":"pa_formaatti-lp-en","8":"pa_kaytetty-uusi-2nd-hand","10":"first","11":"instock","12":"shipping-taxable","13":"purchasable","14":"product-type-simple"},"acf":[],"_links":{"self":[{"href":"https:\/\/freshgarbage.fi\/en\/wp-json\/wp\/v2\/product\/67393","targetHints":{"allow":["GET"]}}],"collection":[{"href":"https:\/\/freshgarbage.fi\/en\/wp-json\/wp\/v2\/product"}],"about":[{"href":"https:\/\/freshgarbage.fi\/en\/wp-json\/wp\/v2\/types\/product"}],"wp:featuredmedia":[{"embeddable":true,"href":"https:\/\/freshgarbage.fi\/en\/wp-json\/wp\/v2\/media\/61929"}],"wp:attachment":[{"href":"https:\/\/freshgarbage.fi\/en\/wp-json\/wp\/v2\/media?parent=67393"}],"wp:term":[{"taxonomy":"product_brand","embeddable":true,"href":"https:\/\/freshgarbage.fi\/en\/wp-json\/wp\/v2\/product_brand?post=67393"},{"taxonomy":"product_cat","embeddable":true,"href":"https:\/\/freshgarbage.fi\/en\/wp-json\/wp\/v2\/product_cat?post=67393"},{"taxonomy":"product_tag","embeddable":true,"href":"https:\/\/freshgarbage.fi\/en\/wp-json\/wp\/v2\/product_tag?post=67393"}],"curies":[{"name":"wp","href":"https:\/\/api.w.org\/{rel}","templated":true}]}}