{"id":67386,"date":"2025-10-22T18:00:49","date_gmt":"2025-10-22T15:00:49","guid":{"rendered":"https:\/\/freshgarbage.fi\/tuote\/georg-lawall-orexis-live\/"},"modified":"2025-10-22T18:00:49","modified_gmt":"2025-10-22T15:00:49","slug":"georg-lawall-orexis-live","status":"publish","type":"product","link":"https:\/\/freshgarbage.fi\/en\/product\/georg-lawall-orexis-live\/","title":{"rendered":"Georg Lawall, Orexis \u2013 Live"},"content":{"rendered":"","protected":false},"excerpt":{"rendered":"<p>Alkuper\u00e4inen Saksa-painos.<\/p>\n<p>Kannen yl\u00e4saumassa seam split. Lis\u00e4ksi hieman taitosta ja ringwearia. Levyss\u00e4 sis\u00e4pussipainaumaa, mutta soi hienosti.<\/p>\n","protected":false},"featured_media":57599,"template":"","meta":{"_acf_changed":false},"product_brand":[],"product_cat":[122],"product_tag":[],"class_list":{"0":"post-67386","1":"product","2":"type-product","3":"status-publish","4":"has-post-thumbnail","6":"product_cat-jazz-fusion-en","7":"pa_formaatti-lp-en","8":"pa_kaytetty-uusi-2nd-hand","10":"first","11":"instock","12":"shipping-taxable","13":"purchasable","14":"product-type-simple"},"acf":[],"_links":{"self":[{"href":"https:\/\/freshgarbage.fi\/en\/wp-json\/wp\/v2\/product\/67386","targetHints":{"allow":["GET"]}}],"collection":[{"href":"https:\/\/freshgarbage.fi\/en\/wp-json\/wp\/v2\/product"}],"about":[{"href":"https:\/\/freshgarbage.fi\/en\/wp-json\/wp\/v2\/types\/product"}],"wp:featuredmedia":[{"embeddable":true,"href":"https:\/\/freshgarbage.fi\/en\/wp-json\/wp\/v2\/media\/57599"}],"wp:attachment":[{"href":"https:\/\/freshgarbage.fi\/en\/wp-json\/wp\/v2\/media?parent=67386"}],"wp:term":[{"taxonomy":"product_brand","embeddable":true,"href":"https:\/\/freshgarbage.fi\/en\/wp-json\/wp\/v2\/product_brand?post=67386"},{"taxonomy":"product_cat","embeddable":true,"href":"https:\/\/freshgarbage.fi\/en\/wp-json\/wp\/v2\/product_cat?post=67386"},{"taxonomy":"product_tag","embeddable":true,"href":"https:\/\/freshgarbage.fi\/en\/wp-json\/wp\/v2\/product_tag?post=67386"}],"curies":[{"name":"wp","href":"https:\/\/api.w.org\/{rel}","templated":true}]}}