{"id":67352,"date":"2025-12-19T11:45:22","date_gmt":"2025-12-19T09:45:22","guid":{"rendered":"https:\/\/freshgarbage.fi\/tuote\/kristiina-halkola-taytyy-uskaltaa-2\/"},"modified":"2025-12-19T11:45:22","modified_gmt":"2025-12-19T09:45:22","slug":"kristiina-halkola-taytyy-uskaltaa-2","status":"publish","type":"product","link":"https:\/\/freshgarbage.fi\/en\/product\/kristiina-halkola-taytyy-uskaltaa-2\/","title":{"rendered":"Kristiina Halkola \u2013 T\u00e4ytyy Uskaltaa"},"content":{"rendered":"","protected":false},"excerpt":{"rendered":"<p>70-luvun alkupuoliskon painos. Etiketiss\u00e4 pieni Love-logo ja ei reunatekstej\u00e4.<\/p>\n<p>Kannen p\u00e4\u00e4tysaumassa seam split ja etukannessa vanhan hintalapun j\u00e4m\u00e4t. Levy hyvin siisti.<\/p>\n","protected":false},"featured_media":62204,"template":"","meta":{"_acf_changed":false},"product_brand":[],"product_cat":[120],"product_tag":[],"class_list":{"0":"post-67352","1":"product","2":"type-product","3":"status-publish","4":"has-post-thumbnail","6":"product_cat-finnish","7":"pa_formaatti-lp-en","8":"pa_kaytetty-uusi-2nd-hand","10":"first","11":"outofstock","12":"shipping-taxable","13":"purchasable","14":"product-type-simple"},"acf":[],"_links":{"self":[{"href":"https:\/\/freshgarbage.fi\/en\/wp-json\/wp\/v2\/product\/67352","targetHints":{"allow":["GET"]}}],"collection":[{"href":"https:\/\/freshgarbage.fi\/en\/wp-json\/wp\/v2\/product"}],"about":[{"href":"https:\/\/freshgarbage.fi\/en\/wp-json\/wp\/v2\/types\/product"}],"wp:featuredmedia":[{"embeddable":true,"href":"https:\/\/freshgarbage.fi\/en\/wp-json\/wp\/v2\/media\/62204"}],"wp:attachment":[{"href":"https:\/\/freshgarbage.fi\/en\/wp-json\/wp\/v2\/media?parent=67352"}],"wp:term":[{"taxonomy":"product_brand","embeddable":true,"href":"https:\/\/freshgarbage.fi\/en\/wp-json\/wp\/v2\/product_brand?post=67352"},{"taxonomy":"product_cat","embeddable":true,"href":"https:\/\/freshgarbage.fi\/en\/wp-json\/wp\/v2\/product_cat?post=67352"},{"taxonomy":"product_tag","embeddable":true,"href":"https:\/\/freshgarbage.fi\/en\/wp-json\/wp\/v2\/product_tag?post=67352"}],"curies":[{"name":"wp","href":"https:\/\/api.w.org\/{rel}","templated":true}]}}