{"id":67336,"date":"2025-12-19T11:45:36","date_gmt":"2025-12-19T09:45:36","guid":{"rendered":"https:\/\/freshgarbage.fi\/tuote\/j-karjalainen-yhtyeineen-paivakirja\/"},"modified":"2025-12-19T11:45:36","modified_gmt":"2025-12-19T09:45:36","slug":"j-karjalainen-yhtyeineen-paivakirja","status":"publish","type":"product","link":"https:\/\/freshgarbage.fi\/en\/product\/j-karjalainen-yhtyeineen-paivakirja\/","title":{"rendered":"J. Karjalainen Yhtyeineen \u2013 P\u00e4iv\u00e4kirja"},"content":{"rendered":"","protected":false},"excerpt":{"rendered":"<p>Alkuper\u00e4inen ja ainoa vinyylipainos.<\/p>\n<p>Hieman taitosta kannessa. Kevytt\u00e4 sis\u00e4pussihankaumaa\/-j\u00e4lke\u00e4, soi hyvin.<\/p>\n","protected":false},"featured_media":62245,"template":"","meta":{"_acf_changed":false},"product_brand":[],"product_cat":[120],"product_tag":[],"class_list":{"0":"post-67336","1":"product","2":"type-product","3":"status-publish","4":"has-post-thumbnail","6":"product_cat-finnish","7":"pa_formaatti-lp-en","8":"pa_kaytetty-uusi-2nd-hand","10":"first","11":"instock","12":"shipping-taxable","13":"purchasable","14":"product-type-simple"},"acf":[],"_links":{"self":[{"href":"https:\/\/freshgarbage.fi\/en\/wp-json\/wp\/v2\/product\/67336","targetHints":{"allow":["GET"]}}],"collection":[{"href":"https:\/\/freshgarbage.fi\/en\/wp-json\/wp\/v2\/product"}],"about":[{"href":"https:\/\/freshgarbage.fi\/en\/wp-json\/wp\/v2\/types\/product"}],"wp:featuredmedia":[{"embeddable":true,"href":"https:\/\/freshgarbage.fi\/en\/wp-json\/wp\/v2\/media\/62245"}],"wp:attachment":[{"href":"https:\/\/freshgarbage.fi\/en\/wp-json\/wp\/v2\/media?parent=67336"}],"wp:term":[{"taxonomy":"product_brand","embeddable":true,"href":"https:\/\/freshgarbage.fi\/en\/wp-json\/wp\/v2\/product_brand?post=67336"},{"taxonomy":"product_cat","embeddable":true,"href":"https:\/\/freshgarbage.fi\/en\/wp-json\/wp\/v2\/product_cat?post=67336"},{"taxonomy":"product_tag","embeddable":true,"href":"https:\/\/freshgarbage.fi\/en\/wp-json\/wp\/v2\/product_tag?post=67336"}],"curies":[{"name":"wp","href":"https:\/\/api.w.org\/{rel}","templated":true}]}}