{"id":67327,"date":"2025-12-19T11:45:38","date_gmt":"2025-12-19T09:45:38","guid":{"rendered":"https:\/\/freshgarbage.fi\/tuote\/various-pingviiniherran-liivinnappi\/"},"modified":"2025-12-19T11:45:38","modified_gmt":"2025-12-19T09:45:38","slug":"various-pingviiniherran-liivinnappi","status":"publish","type":"product","link":"https:\/\/freshgarbage.fi\/en\/product\/various-pingviiniherran-liivinnappi\/","title":{"rendered":"Various \u2013 Pingviiniherran Liivinnappi"},"content":{"rendered":"","protected":false},"excerpt":{"rendered":"<p>Alkuper\u00e4inen ja ainoa painos.<\/p>\n<p>Jokunen hento j\u00e4lki. Ajoittaista vaimeaa r\u00e4psy\u00e4, mutta p\u00e4\u00e4osin soi hienosti. Kannessa kulumaa l\u00e4hinn\u00e4 reunoissa, mutta muuten ehj\u00e4t.<\/p>\n<p>A1 Jussi Raittinen\u2013 Pingviiniherran Liivinnappi 0:56<br \/>\nA2 Ragni Malmsten\u2013 Kippari-Kallen Kaima 2:30<br \/>\nA3 Matti Pohjola \u2013 Purjeet Pullistuu 1:44<br \/>\nA4 Tiia Louste \u2013 J\u00e4n\u00f6pupu Ristiturpa 2:12<br \/>\nA5 Kai Lind \u2013 Pikku-Mirri Viirusilm\u00e4 1:15<br \/>\nA6 Seija Simola \u2013 Lintu 2:33<br \/>\nA7 Kai Lind \u2013 P\u00f6ll\u00f6 Huu-Huu-Huu 3:00<br \/>\nB1 Jussi Raittinen \u2013 Merileijona 2:00<br \/>\nB2 Tiia Louste \u2013 Kiinanpoika Keltainen 1:26<br \/>\nB3 Matti Pohjola \u2013 Monien Merien Mies 1:34<br \/>\nB4 Ragni Malmsten \u2013 Nallen Her\u00e4tyskello 1:47<br \/>\nB5 Jussi Raittinen \u2013 Vihreiden Miesten Maa 2:45<br \/>\nB6 Kai Lind \u2013 J\u00e4ljet Mets\u00e4ss\u00e4 1:52<br \/>\nB7 Seija Simola \u2013 Unten Lippalakki 2:54<\/p>\n<p>Upean kannen on kuvittanut ja suunnitellut Lasse M\u00e5rtenson.<\/p>\n","protected":false},"featured_media":62339,"template":"","meta":{"_acf_changed":false},"product_brand":[],"product_cat":[120],"product_tag":[],"class_list":{"0":"post-67327","1":"product","2":"type-product","3":"status-publish","4":"has-post-thumbnail","6":"product_cat-finnish","7":"pa_formaatti-lp-en","8":"pa_kaytetty-uusi-2nd-hand","10":"first","11":"instock","12":"shipping-taxable","13":"purchasable","14":"product-type-simple"},"acf":[],"_links":{"self":[{"href":"https:\/\/freshgarbage.fi\/en\/wp-json\/wp\/v2\/product\/67327","targetHints":{"allow":["GET"]}}],"collection":[{"href":"https:\/\/freshgarbage.fi\/en\/wp-json\/wp\/v2\/product"}],"about":[{"href":"https:\/\/freshgarbage.fi\/en\/wp-json\/wp\/v2\/types\/product"}],"wp:featuredmedia":[{"embeddable":true,"href":"https:\/\/freshgarbage.fi\/en\/wp-json\/wp\/v2\/media\/62339"}],"wp:attachment":[{"href":"https:\/\/freshgarbage.fi\/en\/wp-json\/wp\/v2\/media?parent=67327"}],"wp:term":[{"taxonomy":"product_brand","embeddable":true,"href":"https:\/\/freshgarbage.fi\/en\/wp-json\/wp\/v2\/product_brand?post=67327"},{"taxonomy":"product_cat","embeddable":true,"href":"https:\/\/freshgarbage.fi\/en\/wp-json\/wp\/v2\/product_cat?post=67327"},{"taxonomy":"product_tag","embeddable":true,"href":"https:\/\/freshgarbage.fi\/en\/wp-json\/wp\/v2\/product_tag?post=67327"}],"curies":[{"name":"wp","href":"https:\/\/api.w.org\/{rel}","templated":true}]}}